{"id":63,"date":"2025-06-26T08:25:36","date_gmt":"2025-06-26T00:25:36","guid":{"rendered":"https:\/\/lanxinrobotics.com\/?page_id=63"},"modified":"2026-01-26T17:49:15","modified_gmt":"2026-01-26T09:49:15","slug":"losung","status":"publish","type":"page","link":"https:\/\/debug.lanxinrobotics.com\/de\/losung\/","title":{"rendered":"L\u00f6sungen"},"content":{"rendered":"<div data-elementor-type=\"wp-page\" data-elementor-id=\"63\" class=\"elementor elementor-63\" data-elementor-post-type=\"page\">\n\t\t\t\t<div class=\"elementor-element elementor-element-61fd0e4 e-flex e-con-boxed e-con e-parent\" data-id=\"61fd0e4\" data-element_type=\"container\" data-settings=\"{&quot;background_background&quot;:&quot;classic&quot;}\">\n\t\t\t\t\t<div class=\"e-con-inner\">\n\t\t\t\t<div class=\"elementor-element elementor-element-9de81f4 elementor-widget elementor-widget-heading\" data-id=\"9de81f4\" data-element_type=\"widget\" data-widget_type=\"heading.default\">\n\t\t\t\t\t<h1 class=\"elementor-heading-title elementor-size-default\">Industrielle L\u00f6sungen<\/h1>\t\t\t\t<\/div>\n\t\t\t\t<div class=\"elementor-element elementor-element-1c6599d elementor-widget__width-initial elementor-widget-tablet__width-initial elementor-widget elementor-widget-heading\" data-id=\"1c6599d\" data-element_type=\"widget\" data-widget_type=\"heading.default\">\n\t\t\t\t\t<div class=\"elementor-heading-title elementor-size-default\">LANXIN bietet umfassende intelligente Logistikl\u00f6sungen \u2013 von Einzelger\u00e4ten bis hin zu integrierten Systemen \u2013 f\u00fcr verschiedene Branchen und unterst\u00fctzt Hersteller beim Aufbau digitaler und flexibler Smart Factories.<\/div>\t\t\t\t<\/div>\n\t\t\t\t<div class=\"elementor-element elementor-element-37bbf5a elementor-widget elementor-widget-button\" data-id=\"37bbf5a\" data-element_type=\"widget\" data-widget_type=\"button.default\">\n\t\t\t\t\t\t\t\t\t\t<a class=\"elementor-button elementor-button-link elementor-size-sm\" href=\"https:\/\/lanxinrobotics.com\/contact\/\">\n\t\t\t\t\t\t<span class=\"elementor-button-content-wrapper\">\n\t\t\t\t\t\t<span class=\"elementor-button-icon\">\n\t\t\t\t<svg aria-hidden=\"true\" class=\"e-font-icon-svg e-fas-arrow-right\" viewbox=\"0 0 448 512\" xmlns=\"http:\/\/www.w3.org\/2000\/svg\"><path d=\"M190.5 66.9l22.2-22.2c9.4-9.4 24.6-9.4 33.9 0L441 239c9.4 9.4 9.4 24.6 0 33.9L246.6 467.3c-9.4 9.4-24.6 9.4-33.9 0l-22.2-22.2c-9.5-9.5-9.3-25 .4-34.3L311.4 296H24c-13.3 0-24-10.7-24-24v-32c0-13.3 10.7-24 24-24h287.4L190.9 101.2c-9.8-9.3-10-24.8-.4-34.3z\"><\/path><\/svg>\t\t\t<\/span>\n\t\t\t\t\t\t\t\t\t<span class=\"elementor-button-text\">KONTAKT AUFNEHMEN<\/span>\n\t\t\t\t\t<\/span>\n\t\t\t\t\t<\/a>\n\t\t\t\t\t\t\t\t<\/div>\n\t\t\t\t\t<\/div>\n\t\t\t\t<\/div>\n\t\t<div class=\"elementor-element elementor-element-8f85c6f e-grid e-con-boxed e-con e-parent\" data-id=\"8f85c6f\" data-element_type=\"container\">\n\t\t\t\t\t<div class=\"e-con-inner\">\n\t\t\t\t<div class=\"elementor-element elementor-element-15eece1 elementor-cta--skin-cover elementor-cta--valign-middle elementor-animated-content elementor-widget elementor-widget-call-to-action\" data-id=\"15eece1\" data-element_type=\"widget\" data-widget_type=\"call-to-action.default\">\n\t\t\t\t\t\t\t<a class=\"elementor-cta\" href=\"https:\/\/lanxinrobotics.com\/electrical-electronic-industry-solutions\/\">\n\t\t\t\t\t<div class=\"elementor-cta__bg-wrapper\">\n\t\t\t\t<div class=\"elementor-cta__bg elementor-bg\" style=\"background-image: url(https:\/\/www.lanxinrobotics.com\/wp-content\/uploads\/2026\/01\/pexels-pok-rie-33563-1432669-scaled.jpg);\" role=\"img\" aria-label=\"pexels-pok-rie-33563-1432669\"><\/div>\n\t\t\t\t<div class=\"elementor-cta__bg-overlay\"><\/div>\n\t\t\t<\/div>\n\t\t\t\t\t\t\t<div class=\"elementor-cta__content\">\n\t\t\t\t\n\t\t\t\t\t\t\t\t\t<h2 class=\"elementor-cta__title elementor-cta__content-item elementor-content-item elementor-animated-item--grow\">\n\t\t\t\t\t\tElektrik &amp; Elektronik\t\t\t\t\t<\/h2>\n\t\t\t\t\n\t\t\t\t\n\t\t\t\t\t\t\t<\/div>\n\t\t\t\t\t\t<\/a>\n\t\t\t\t\t\t<\/div>\n\t\t\t\t<div class=\"elementor-element elementor-element-f84f9c3 elementor-cta--skin-cover elementor-cta--valign-middle elementor-animated-content elementor-widget elementor-widget-call-to-action\" data-id=\"f84f9c3\" data-element_type=\"widget\" data-widget_type=\"call-to-action.default\">\n\t\t\t\t\t\t\t<a class=\"elementor-cta\" href=\"https:\/\/lanxinrobotics.com\/automotive-industry-solution\/\">\n\t\t\t\t\t<div class=\"elementor-cta__bg-wrapper\">\n\t\t\t\t<div class=\"elementor-cta__bg elementor-bg\" style=\"background-image: url(https:\/\/www.lanxinrobotics.com\/wp-content\/uploads\/2026\/01\/pexels-hyundaimotorgroup-19233057-scaled.jpg);\" role=\"img\" aria-label=\"pexels-hyundaimotorgroup-19233057\"><\/div>\n\t\t\t\t<div class=\"elementor-cta__bg-overlay\"><\/div>\n\t\t\t<\/div>\n\t\t\t\t\t\t\t<div class=\"elementor-cta__content\">\n\t\t\t\t\n\t\t\t\t\t\t\t\t\t<h2 class=\"elementor-cta__title elementor-cta__content-item elementor-content-item elementor-animated-item--grow\">\n\t\t\t\t\t\tAutomobilindustrie\t\t\t\t\t<\/h2>\n\t\t\t\t\n\t\t\t\t\n\t\t\t\t\t\t\t<\/div>\n\t\t\t\t\t\t<\/a>\n\t\t\t\t\t\t<\/div>\n\t\t\t\t<div class=\"elementor-element elementor-element-542f8a3 elementor-cta--skin-cover elementor-cta--valign-middle elementor-animated-content elementor-widget elementor-widget-call-to-action\" data-id=\"542f8a3\" data-element_type=\"widget\" data-widget_type=\"call-to-action.default\">\n\t\t\t\t\t\t\t<a class=\"elementor-cta\" href=\"https:\/\/lanxinrobotics.com\/battery-industry-solution\/\">\n\t\t\t\t\t<div class=\"elementor-cta__bg-wrapper\">\n\t\t\t\t<div class=\"elementor-cta__bg elementor-bg\" style=\"background-image: url(https:\/\/www.lanxinrobotics.com\/wp-content\/uploads\/2026\/01\/pexels-hilaryh-698485-scaled.jpg);\" role=\"img\" aria-label=\"Lanxin Batterie Industrielle L\u00f6sung\"><\/div>\n\t\t\t\t<div class=\"elementor-cta__bg-overlay\"><\/div>\n\t\t\t<\/div>\n\t\t\t\t\t\t\t<div class=\"elementor-cta__content\">\n\t\t\t\t\n\t\t\t\t\t\t\t\t\t<h2 class=\"elementor-cta__title elementor-cta__content-item elementor-content-item elementor-animated-item--grow\">\n\t\t\t\t\t\tBatterieindustrie\t\t\t\t\t<\/h2>\n\t\t\t\t\n\t\t\t\t\n\t\t\t\t\t\t\t<\/div>\n\t\t\t\t\t\t<\/a>\n\t\t\t\t\t\t<\/div>\n\t\t\t\t<div class=\"elementor-element elementor-element-0089f46 elementor-cta--skin-cover elementor-cta--valign-middle elementor-animated-content elementor-widget elementor-widget-call-to-action\" data-id=\"0089f46\" data-element_type=\"widget\" data-widget_type=\"call-to-action.default\">\n\t\t\t\t\t\t\t<a class=\"elementor-cta\" href=\"https:\/\/lanxinrobotics.com\/packaging-general-solution\/\">\n\t\t\t\t\t<div class=\"elementor-cta__bg-wrapper\">\n\t\t\t\t<div class=\"elementor-cta__bg elementor-bg\" style=\"background-image: url(https:\/\/www.lanxinrobotics.com\/wp-content\/uploads\/2026\/01\/pexels-tiger-lily-4481326-scaled.jpg);\" role=\"img\" aria-label=\"Lanxin Verpackung Industrielle L\u00f6sung\"><\/div>\n\t\t\t\t<div class=\"elementor-cta__bg-overlay\"><\/div>\n\t\t\t<\/div>\n\t\t\t\t\t\t\t<div class=\"elementor-cta__content\">\n\t\t\t\t\n\t\t\t\t\t\t\t\t\t<h2 class=\"elementor-cta__title elementor-cta__content-item elementor-content-item elementor-animated-item--grow\">\n\t\t\t\t\t\tVerpackungsindustrie\t\t\t\t\t<\/h2>\n\t\t\t\t\n\t\t\t\t\n\t\t\t\t\t\t\t<\/div>\n\t\t\t\t\t\t<\/a>\n\t\t\t\t\t\t<\/div>\n\t\t\t\t\t<\/div>\n\t\t\t\t<\/div>\n\t\t\t\t<\/div>","protected":false},"excerpt":{"rendered":"<p>Industriel\u00f6sungen LANXIN bietet umfassende intelligente Logistikl\u00f6sungen von Ger\u00e4ten bis hin zu Systemen f\u00fcr verschiedene Branchen und unterst\u00fctzt Hersteller beim Aufbau digitaler und flexibler Smart Factories. KONTAKTIEREN SIE UNS Elektro- und Elektronikindustrie Automobilbranche Batterieverpackung<\/p>","protected":false},"author":1,"featured_media":3148,"parent":0,"menu_order":400,"comment_status":"closed","ping_status":"closed","template":"","meta":{"_acf_changed":false,"footnotes":""},"categories":[],"tags":[],"class_list":["post-63","page","type-page","status-publish","has-post-thumbnail","hentry"],"acf":[],"yoast_head":"<!-- This site is optimized with the Yoast SEO Premium plugin v26.2 (Yoast SEO v27.3) - https:\/\/yoast.com\/product\/yoast-seo-premium-wordpress\/ -->\n<title>Solution - Lanxin Robotics<\/title>\n<meta name=\"description\" content=\"LANXIN provides intelligent logistics solutions for all scenarios, integrating self-developed visual navigation and mobile robot technologies to help manufacturing companies achieve unmanned handling, flexible production, and efficient warehousing.\" \/>\n<meta name=\"robots\" content=\"index, follow, max-snippet:-1, max-image-preview:large, max-video-preview:-1\" \/>\n<link rel=\"canonical\" href=\"https:\/\/debug.lanxinrobotics.com\/de\/losung\/\" \/>\n<meta property=\"og:locale\" content=\"de_DE\" \/>\n<meta property=\"og:type\" content=\"article\" \/>\n<meta property=\"og:title\" content=\"Solution\" \/>\n<meta property=\"og:description\" content=\"LANXIN provides intelligent logistics solutions for all scenarios, integrating self-developed visual navigation and mobile robot technologies to help manufacturing companies achieve unmanned handling, flexible production, and efficient warehousing.\" \/>\n<meta property=\"og:url\" content=\"https:\/\/debug.lanxinrobotics.com\/de\/losung\/\" \/>\n<meta property=\"og:site_name\" content=\"Lanxin Robotics\" \/>\n<meta property=\"article:modified_time\" content=\"2026-01-26T09:49:15+00:00\" \/>\n<meta property=\"og:image\" content=\"https:\/\/www.lanxinrobotics.com\/wp-content\/uploads\/2025\/10\/\u65b0\u5efa-\u7a7a\u767d-\u753b\u9762-131.webp\" \/>\n\t<meta property=\"og:image:width\" content=\"1920\" \/>\n\t<meta property=\"og:image:height\" content=\"850\" \/>\n\t<meta property=\"og:image:type\" content=\"image\/webp\" \/>\n<meta name=\"twitter:card\" content=\"summary_large_image\" \/>\n<meta name=\"twitter:label1\" content=\"Gesch\u00e4tzte Lesezeit\" \/>\n\t<meta name=\"twitter:data1\" content=\"1\u00a0Minute\" \/>\n<script type=\"application\/ld+json\" class=\"yoast-schema-graph\">{\"@context\":\"https:\\\/\\\/schema.org\",\"@graph\":[{\"@type\":\"WebPage\",\"@id\":\"https:\\\/\\\/debug.lanxinrobotics.com\\\/jp\\\/%e3%82%bd%e3%83%aa%e3%83%a5%e3%83%bc%e3%82%b7%e3%83%a7%e3%83%b3\\\/\",\"url\":\"https:\\\/\\\/debug.lanxinrobotics.com\\\/jp\\\/%e3%82%bd%e3%83%aa%e3%83%a5%e3%83%bc%e3%82%b7%e3%83%a7%e3%83%b3\\\/\",\"name\":\"Solution - Lanxin Robotics\",\"isPartOf\":{\"@id\":\"https:\\\/\\\/debug.lanxinrobotics.com\\\/#website\"},\"primaryImageOfPage\":{\"@id\":\"https:\\\/\\\/debug.lanxinrobotics.com\\\/jp\\\/%e3%82%bd%e3%83%aa%e3%83%a5%e3%83%bc%e3%82%b7%e3%83%a7%e3%83%b3\\\/#primaryimage\"},\"image\":{\"@id\":\"https:\\\/\\\/debug.lanxinrobotics.com\\\/jp\\\/%e3%82%bd%e3%83%aa%e3%83%a5%e3%83%bc%e3%82%b7%e3%83%a7%e3%83%b3\\\/#primaryimage\"},\"thumbnailUrl\":\"https:\\\/\\\/www.lanxinrobotics.com\\\/wp-content\\\/uploads\\\/2025\\\/10\\\/\u65b0\u5efa-\u7a7a\u767d-\u753b\u9762-131.webp\",\"datePublished\":\"2025-06-26T00:25:36+00:00\",\"dateModified\":\"2026-01-26T09:49:15+00:00\",\"description\":\"LANXIN provides intelligent logistics solutions for all scenarios, integrating self-developed visual navigation and mobile robot technologies to help manufacturing companies achieve unmanned handling, flexible production, and efficient warehousing.\",\"breadcrumb\":{\"@id\":\"https:\\\/\\\/debug.lanxinrobotics.com\\\/jp\\\/%e3%82%bd%e3%83%aa%e3%83%a5%e3%83%bc%e3%82%b7%e3%83%a7%e3%83%b3\\\/#breadcrumb\"},\"inLanguage\":\"de\",\"potentialAction\":[{\"@type\":\"ReadAction\",\"target\":[\"https:\\\/\\\/debug.lanxinrobotics.com\\\/jp\\\/%e3%82%bd%e3%83%aa%e3%83%a5%e3%83%bc%e3%82%b7%e3%83%a7%e3%83%b3\\\/\"]}]},{\"@type\":\"ImageObject\",\"inLanguage\":\"de\",\"@id\":\"https:\\\/\\\/debug.lanxinrobotics.com\\\/jp\\\/%e3%82%bd%e3%83%aa%e3%83%a5%e3%83%bc%e3%82%b7%e3%83%a7%e3%83%b3\\\/#primaryimage\",\"url\":\"https:\\\/\\\/www.lanxinrobotics.com\\\/wp-content\\\/uploads\\\/2025\\\/10\\\/\u65b0\u5efa-\u7a7a\u767d-\u753b\u9762-131.webp\",\"contentUrl\":\"https:\\\/\\\/www.lanxinrobotics.com\\\/wp-content\\\/uploads\\\/2025\\\/10\\\/\u65b0\u5efa-\u7a7a\u767d-\u753b\u9762-131.webp\",\"width\":1920,\"height\":850,\"caption\":\"about LANXIN\"},{\"@type\":\"BreadcrumbList\",\"@id\":\"https:\\\/\\\/debug.lanxinrobotics.com\\\/jp\\\/%e3%82%bd%e3%83%aa%e3%83%a5%e3%83%bc%e3%82%b7%e3%83%a7%e3%83%b3\\\/#breadcrumb\",\"itemListElement\":[{\"@type\":\"ListItem\",\"position\":1,\"name\":\"Home\",\"item\":\"https:\\\/\\\/debug.lanxinrobotics.com\\\/\"},{\"@type\":\"ListItem\",\"position\":2,\"name\":\"Solution\"}]},{\"@type\":\"WebSite\",\"@id\":\"https:\\\/\\\/debug.lanxinrobotics.com\\\/#website\",\"url\":\"https:\\\/\\\/debug.lanxinrobotics.com\\\/\",\"name\":\"Lanxin Robotics\",\"description\":\"Visionary robots, to see, understand, and serve the world,\",\"publisher\":{\"@id\":\"https:\\\/\\\/debug.lanxinrobotics.com\\\/#organization\"},\"potentialAction\":[{\"@type\":\"SearchAction\",\"target\":{\"@type\":\"EntryPoint\",\"urlTemplate\":\"https:\\\/\\\/debug.lanxinrobotics.com\\\/?s={search_term_string}\"},\"query-input\":{\"@type\":\"PropertyValueSpecification\",\"valueRequired\":true,\"valueName\":\"search_term_string\"}}],\"inLanguage\":\"de\"},{\"@type\":[\"Organization\",\"Place\"],\"@id\":\"https:\\\/\\\/debug.lanxinrobotics.com\\\/#organization\",\"name\":\"Lanxin Robotics\",\"url\":\"https:\\\/\\\/debug.lanxinrobotics.com\\\/\",\"logo\":{\"@id\":\"https:\\\/\\\/debug.lanxinrobotics.com\\\/jp\\\/%e3%82%bd%e3%83%aa%e3%83%a5%e3%83%bc%e3%82%b7%e3%83%a7%e3%83%b3\\\/#local-main-organization-logo\"},\"image\":{\"@id\":\"https:\\\/\\\/debug.lanxinrobotics.com\\\/jp\\\/%e3%82%bd%e3%83%aa%e3%83%a5%e3%83%bc%e3%82%b7%e3%83%a7%e3%83%b3\\\/#local-main-organization-logo\"},\"telephone\":[],\"openingHoursSpecification\":[{\"@type\":\"OpeningHoursSpecification\",\"dayOfWeek\":[\"Monday\",\"Tuesday\",\"Wednesday\",\"Thursday\",\"Friday\",\"Saturday\",\"Sunday\"],\"opens\":\"09:00\",\"closes\":\"17:00\"}]},{\"@type\":\"ImageObject\",\"inLanguage\":\"de\",\"@id\":\"https:\\\/\\\/debug.lanxinrobotics.com\\\/jp\\\/%e3%82%bd%e3%83%aa%e3%83%a5%e3%83%bc%e3%82%b7%e3%83%a7%e3%83%b3\\\/#local-main-organization-logo\",\"url\":\"https:\\\/\\\/www.lanxinrobotics.com\\\/wp-content\\\/uploads\\\/2025\\\/06\\\/LanxinLogo.svg\",\"contentUrl\":\"https:\\\/\\\/www.lanxinrobotics.com\\\/wp-content\\\/uploads\\\/2025\\\/06\\\/LanxinLogo.svg\",\"width\":496,\"height\":130,\"caption\":\"Lanxin Robotics\"}]}<\/script>\n<!-- \/ Yoast SEO Premium plugin. -->","yoast_head_json":{"title":"L\u00f6sung - Lanxin Robotics","description":"LANXIN bietet intelligente Logistikl\u00f6sungen f\u00fcr alle Szenarien und integriert selbst entwickelte visuelle Navigation und mobile Robotertechnologien, um Fertigungsunternehmen bei der unbemannten Handhabung, flexiblen Produktion und effizienten Lagerhaltung zu unterst\u00fctzen.","robots":{"index":"index","follow":"follow","max-snippet":"max-snippet:-1","max-image-preview":"max-image-preview:large","max-video-preview":"max-video-preview:-1"},"canonical":"https:\/\/debug.lanxinrobotics.com\/de\/losung\/","og_locale":"de_DE","og_type":"article","og_title":"Solution","og_description":"LANXIN provides intelligent logistics solutions for all scenarios, integrating self-developed visual navigation and mobile robot technologies to help manufacturing companies achieve unmanned handling, flexible production, and efficient warehousing.","og_url":"https:\/\/debug.lanxinrobotics.com\/de\/losung\/","og_site_name":"Lanxin Robotics","article_modified_time":"2026-01-26T09:49:15+00:00","og_image":[{"width":1920,"height":850,"url":"https:\/\/www.lanxinrobotics.com\/wp-content\/uploads\/2025\/10\/\u65b0\u5efa-\u7a7a\u767d-\u753b\u9762-131.webp","type":"image\/webp"}],"twitter_card":"summary_large_image","twitter_misc":{"Gesch\u00e4tzte Lesezeit":"1\u00a0Minute"},"schema":{"@context":"https:\/\/schema.org","@graph":[{"@type":"WebPage","@id":"https:\/\/debug.lanxinrobotics.com\/jp\/%e3%82%bd%e3%83%aa%e3%83%a5%e3%83%bc%e3%82%b7%e3%83%a7%e3%83%b3\/","url":"https:\/\/debug.lanxinrobotics.com\/jp\/%e3%82%bd%e3%83%aa%e3%83%a5%e3%83%bc%e3%82%b7%e3%83%a7%e3%83%b3\/","name":"L\u00f6sung - Lanxin Robotics","isPartOf":{"@id":"https:\/\/debug.lanxinrobotics.com\/#website"},"primaryImageOfPage":{"@id":"https:\/\/debug.lanxinrobotics.com\/jp\/%e3%82%bd%e3%83%aa%e3%83%a5%e3%83%bc%e3%82%b7%e3%83%a7%e3%83%b3\/#primaryimage"},"image":{"@id":"https:\/\/debug.lanxinrobotics.com\/jp\/%e3%82%bd%e3%83%aa%e3%83%a5%e3%83%bc%e3%82%b7%e3%83%a7%e3%83%b3\/#primaryimage"},"thumbnailUrl":"https:\/\/www.lanxinrobotics.com\/wp-content\/uploads\/2025\/10\/\u65b0\u5efa-\u7a7a\u767d-\u753b\u9762-131.webp","datePublished":"2025-06-26T00:25:36+00:00","dateModified":"2026-01-26T09:49:15+00:00","description":"LANXIN bietet intelligente Logistikl\u00f6sungen f\u00fcr alle Szenarien und integriert selbst entwickelte visuelle Navigation und mobile Robotertechnologien, um Fertigungsunternehmen bei der unbemannten Handhabung, flexiblen Produktion und effizienten Lagerhaltung zu unterst\u00fctzen.","breadcrumb":{"@id":"https:\/\/debug.lanxinrobotics.com\/jp\/%e3%82%bd%e3%83%aa%e3%83%a5%e3%83%bc%e3%82%b7%e3%83%a7%e3%83%b3\/#breadcrumb"},"inLanguage":"de","potentialAction":[{"@type":"ReadAction","target":["https:\/\/debug.lanxinrobotics.com\/jp\/%e3%82%bd%e3%83%aa%e3%83%a5%e3%83%bc%e3%82%b7%e3%83%a7%e3%83%b3\/"]}]},{"@type":"ImageObject","inLanguage":"de","@id":"https:\/\/debug.lanxinrobotics.com\/jp\/%e3%82%bd%e3%83%aa%e3%83%a5%e3%83%bc%e3%82%b7%e3%83%a7%e3%83%b3\/#primaryimage","url":"https:\/\/www.lanxinrobotics.com\/wp-content\/uploads\/2025\/10\/\u65b0\u5efa-\u7a7a\u767d-\u753b\u9762-131.webp","contentUrl":"https:\/\/www.lanxinrobotics.com\/wp-content\/uploads\/2025\/10\/\u65b0\u5efa-\u7a7a\u767d-\u753b\u9762-131.webp","width":1920,"height":850,"caption":"about LANXIN"},{"@type":"BreadcrumbList","@id":"https:\/\/debug.lanxinrobotics.com\/jp\/%e3%82%bd%e3%83%aa%e3%83%a5%e3%83%bc%e3%82%b7%e3%83%a7%e3%83%b3\/#breadcrumb","itemListElement":[{"@type":"ListItem","position":1,"name":"Home","item":"https:\/\/debug.lanxinrobotics.com\/"},{"@type":"ListItem","position":2,"name":"Solution"}]},{"@type":"WebSite","@id":"https:\/\/debug.lanxinrobotics.com\/#website","url":"https:\/\/debug.lanxinrobotics.com\/","name":"Lanxin Robotik","description":"Vision\u00e4re Roboter, um die Welt zu sehen, zu verstehen und ihr zu dienen,","publisher":{"@id":"https:\/\/debug.lanxinrobotics.com\/#organization"},"potentialAction":[{"@type":"SearchAction","target":{"@type":"EntryPoint","urlTemplate":"https:\/\/debug.lanxinrobotics.com\/?s={search_term_string}"},"query-input":{"@type":"PropertyValueSpecification","valueRequired":true,"valueName":"search_term_string"}}],"inLanguage":"de"},{"@type":["Organization","Place"],"@id":"https:\/\/debug.lanxinrobotics.com\/#organization","name":"Lanxin Robotik","url":"https:\/\/debug.lanxinrobotics.com\/","logo":{"@id":"https:\/\/debug.lanxinrobotics.com\/jp\/%e3%82%bd%e3%83%aa%e3%83%a5%e3%83%bc%e3%82%b7%e3%83%a7%e3%83%b3\/#local-main-organization-logo"},"image":{"@id":"https:\/\/debug.lanxinrobotics.com\/jp\/%e3%82%bd%e3%83%aa%e3%83%a5%e3%83%bc%e3%82%b7%e3%83%a7%e3%83%b3\/#local-main-organization-logo"},"telephone":[],"openingHoursSpecification":[{"@type":"OpeningHoursSpecification","dayOfWeek":["Monday","Tuesday","Wednesday","Thursday","Friday","Saturday","Sunday"],"opens":"09:00","closes":"17:00"}]},{"@type":"ImageObject","inLanguage":"de","@id":"https:\/\/debug.lanxinrobotics.com\/jp\/%e3%82%bd%e3%83%aa%e3%83%a5%e3%83%bc%e3%82%b7%e3%83%a7%e3%83%b3\/#local-main-organization-logo","url":"https:\/\/www.lanxinrobotics.com\/wp-content\/uploads\/2025\/06\/LanxinLogo.svg","contentUrl":"https:\/\/www.lanxinrobotics.com\/wp-content\/uploads\/2025\/06\/LanxinLogo.svg","width":496,"height":130,"caption":"Lanxin Robotics"}]}},"_links":{"self":[{"href":"https:\/\/debug.lanxinrobotics.com\/de\/wp-json\/wp\/v2\/pages\/63","targetHints":{"allow":["GET"]}}],"collection":[{"href":"https:\/\/debug.lanxinrobotics.com\/de\/wp-json\/wp\/v2\/pages"}],"about":[{"href":"https:\/\/debug.lanxinrobotics.com\/de\/wp-json\/wp\/v2\/types\/page"}],"author":[{"embeddable":true,"href":"https:\/\/debug.lanxinrobotics.com\/de\/wp-json\/wp\/v2\/users\/1"}],"replies":[{"embeddable":true,"href":"https:\/\/debug.lanxinrobotics.com\/de\/wp-json\/wp\/v2\/comments?post=63"}],"version-history":[{"count":68,"href":"https:\/\/debug.lanxinrobotics.com\/de\/wp-json\/wp\/v2\/pages\/63\/revisions"}],"predecessor-version":[{"id":3660,"href":"https:\/\/debug.lanxinrobotics.com\/de\/wp-json\/wp\/v2\/pages\/63\/revisions\/3660"}],"wp:featuredmedia":[{"embeddable":true,"href":"https:\/\/debug.lanxinrobotics.com\/de\/wp-json\/wp\/v2\/media\/3148"}],"wp:attachment":[{"href":"https:\/\/debug.lanxinrobotics.com\/de\/wp-json\/wp\/v2\/media?parent=63"}],"wp:term":[{"taxonomy":"category","embeddable":true,"href":"https:\/\/debug.lanxinrobotics.com\/de\/wp-json\/wp\/v2\/categories?post=63"},{"taxonomy":"post_tag","embeddable":true,"href":"https:\/\/debug.lanxinrobotics.com\/de\/wp-json\/wp\/v2\/tags?post=63"}],"curies":[{"name":"wp","href":"https:\/\/api.w.org\/{rel}","templated":true}]}}