{"id":521,"date":"2025-06-27T01:08:30","date_gmt":"2025-06-26T17:08:30","guid":{"rendered":"https:\/\/lanxinrobotics.com\/?page_id=521"},"modified":"2026-01-14T14:21:01","modified_gmt":"2026-01-14T06:21:01","slug":"vmr-fl21503c","status":"publish","type":"page","link":"https:\/\/debug.lanxinrobotics.com\/es\/robots-moviles\/vmr-fl21503c\/","title":{"rendered":"Carretilla inteligente contrapesada 1500 kg de carga \u00fatil"},"content":{"rendered":"<div data-elementor-type=\"wp-page\" data-elementor-id=\"521\" class=\"elementor elementor-521\" data-elementor-post-type=\"page\">\n\t\t\t\t<div class=\"elementor-element elementor-element-5422373e e-con-full e-flex e-con e-parent\" data-id=\"5422373e\" data-element_type=\"container\">\n\t\t\t\t<div class=\"elementor-element elementor-element-3ded2d86 elementor-widget elementor-widget-image\" data-id=\"3ded2d86\" data-element_type=\"widget\" data-widget_type=\"image.default\">\n\t\t\t\t\t\t\t\t\t\t\t\t\t\t\t<img fetchpriority=\"high\" decoding=\"async\" width=\"1920\" height=\"560\" src=\"https:\/\/www.lanxinrobotics.com\/wp-content\/uploads\/2025\/06\/Lanxin-standard-chassis-underride-mobile-robot.webp\" class=\"attachment-full size-full wp-image-288\" alt=\"\" srcset=\"https:\/\/www.lanxinrobotics.com\/wp-content\/uploads\/2025\/06\/Lanxin-standard-chassis-underride-mobile-robot.webp 1920w, https:\/\/www.lanxinrobotics.com\/wp-content\/uploads\/2025\/06\/Lanxin-standard-chassis-underride-mobile-robot-600x175.webp 600w, https:\/\/www.lanxinrobotics.com\/wp-content\/uploads\/2025\/06\/Lanxin-standard-chassis-underride-mobile-robot-150x44.webp 150w, https:\/\/www.lanxinrobotics.com\/wp-content\/uploads\/2025\/06\/Lanxin-standard-chassis-underride-mobile-robot-768x224.webp 768w, https:\/\/www.lanxinrobotics.com\/wp-content\/uploads\/2025\/06\/Lanxin-standard-chassis-underride-mobile-robot-1536x448.webp 1536w\" sizes=\"(max-width: 1920px) 100vw, 1920px\" \/>\t\t\t\t\t\t\t\t\t\t\t\t\t\t\t<\/div>\n\t\t\t\t<\/div>\n\t\t<div class=\"elementor-element elementor-element-7a0477e6 elementor-hidden-tablet elementor-hidden-mobile e-flex e-con-boxed e-con e-parent\" data-id=\"7a0477e6\" data-element_type=\"container\" data-settings=\"{&quot;background_background&quot;:&quot;classic&quot;,&quot;sticky&quot;:&quot;top&quot;,&quot;sticky_on&quot;:[&quot;desktop&quot;,&quot;tablet&quot;,&quot;mobile&quot;],&quot;sticky_offset&quot;:0,&quot;sticky_effects_offset&quot;:0,&quot;sticky_anchor_link_offset&quot;:0}\">\n\t\t\t\t\t<div class=\"e-con-inner\">\n\t\t\t\t<div class=\"elementor-element elementor-element-9063089 elementor-widget elementor-widget-heading\" data-id=\"9063089\" data-element_type=\"widget\" data-widget_type=\"heading.default\">\n\t\t\t\t\t<div class=\"elementor-heading-title elementor-size-default\"><a href=\"#s1\">VMR-FL21503C<\/a><\/div>\t\t\t\t<\/div>\n\t\t\t\t<div class=\"elementor-element elementor-element-679311ad elementor-widget elementor-widget-heading\" data-id=\"679311ad\" data-element_type=\"widget\" data-widget_type=\"heading.default\">\n\t\t\t\t\t<div class=\"elementor-heading-title elementor-size-default\"><a href=\"#s2\">CARACTER\u00cdSTICAS<\/a><\/div>\t\t\t\t<\/div>\n\t\t\t\t<div class=\"elementor-element elementor-element-583c5b8d elementor-widget elementor-widget-button\" data-id=\"583c5b8d\" data-element_type=\"widget\" data-widget_type=\"button.default\">\n\t\t\t\t\t\t\t\t\t\t<a class=\"elementor-button elementor-button-link elementor-size-sm\" href=\"https:\/\/lanxinrobotics.com\/contact\/\">\n\t\t\t\t\t\t<span class=\"elementor-button-content-wrapper\">\n\t\t\t\t\t\t\t\t\t<span class=\"elementor-button-text\">SOLICITAR PRESUPUESTO<\/span>\n\t\t\t\t\t<\/span>\n\t\t\t\t\t<\/a>\n\t\t\t\t\t\t\t\t<\/div>\n\t\t\t\t\t<\/div>\n\t\t\t\t<\/div>\n\t\t<div class=\"elementor-element elementor-element-4cb34a4c e-flex e-con-boxed e-con e-parent\" data-id=\"4cb34a4c\" data-element_type=\"container\" id=\"s1\">\n\t\t\t\t\t<div class=\"e-con-inner\">\n\t\t<div class=\"elementor-element elementor-element-5d9c9aba e-con-full e-flex e-con e-child\" data-id=\"5d9c9aba\" data-element_type=\"container\">\n\t\t\t\t<div class=\"elementor-element elementor-element-3b936cb6 elementor-widget elementor-widget-heading\" data-id=\"3b936cb6\" data-element_type=\"widget\" data-widget_type=\"heading.default\">\n\t\t\t\t\t<h1 class=\"elementor-heading-title elementor-size-default\">VMR-FL21503C<\/h1>\t\t\t\t<\/div>\n\t\t\t\t<div class=\"elementor-element elementor-element-4dbcc798 elementor-widget-divider--view-line elementor-widget elementor-widget-divider\" data-id=\"4dbcc798\" data-element_type=\"widget\" data-widget_type=\"divider.default\">\n\t\t\t\t\t\t\t<div class=\"elementor-divider\">\n\t\t\t<span class=\"elementor-divider-separator\">\n\t\t\t\t\t\t<\/span>\n\t\t<\/div>\n\t\t\t\t\t\t<\/div>\n\t\t\t\t<div class=\"elementor-element elementor-element-235f8982 elementor-widget elementor-widget-text-editor\" data-id=\"235f8982\" data-element_type=\"widget\" data-widget_type=\"text-editor.default\">\n\t\t\t\t\t\t\t\t\t<p>Este producto ofrece compatibilidad con m\u00faltiples tipos de pal\u00e9s, excelente rentabilidad, protecci\u00f3n de seguridad de 360\u00b0, navegaci\u00f3n visual, reconocimiento autom\u00e1tico de pal\u00e9s y horquillas, m\u00e1stil y patas personalizables para una soluci\u00f3n a medida.<\/p>\t\t\t\t\t\t\t\t<\/div>\n\t\t\t\t<\/div>\n\t\t<div class=\"elementor-element elementor-element-43e3e64 e-con-full e-flex e-con e-child\" data-id=\"43e3e64\" data-element_type=\"container\">\n\t\t\t\t<div class=\"elementor-element elementor-element-6c8748ab elementor-widget elementor-widget-image\" data-id=\"6c8748ab\" data-element_type=\"widget\" data-widget_type=\"image.default\">\n\t\t\t\t\t\t\t\t\t\t\t\t\t\t\t<img decoding=\"async\" width=\"500\" height=\"350\" src=\"https:\/\/www.lanxinrobotics.com\/wp-content\/uploads\/2025\/06\/VMR-FL21503C.webp\" class=\"attachment-large size-large wp-image-525\" alt=\"\" srcset=\"https:\/\/www.lanxinrobotics.com\/wp-content\/uploads\/2025\/06\/VMR-FL21503C.webp 500w, https:\/\/www.lanxinrobotics.com\/wp-content\/uploads\/2025\/06\/VMR-FL21503C-150x105.webp 150w\" sizes=\"(max-width: 500px) 100vw, 500px\" \/>\t\t\t\t\t\t\t\t\t\t\t\t\t\t\t<\/div>\n\t\t\t\t<\/div>\n\t\t\t\t\t<\/div>\n\t\t\t\t<\/div>\n\t\t<div class=\"elementor-element elementor-element-3198e055 e-flex e-con-boxed e-con e-parent\" data-id=\"3198e055\" data-element_type=\"container\" id=\"s2\" data-settings=\"{&quot;background_background&quot;:&quot;classic&quot;}\">\n\t\t\t\t\t<div class=\"e-con-inner\">\n\t\t\t\t<div class=\"elementor-element elementor-element-3ea528e7 elementor-widget elementor-widget-heading\" data-id=\"3ea528e7\" data-element_type=\"widget\" data-widget_type=\"heading.default\">\n\t\t\t\t\t<h2 class=\"elementor-heading-title elementor-size-default\">CARACTER\u00cdSTICAS<\/h2>\t\t\t\t<\/div>\n\t\t<div class=\"elementor-element elementor-element-2f1e7d5 e-con-full e-flex e-con e-child\" data-id=\"2f1e7d5\" data-element_type=\"container\">\n\t\t\t\t<div class=\"elementor-element elementor-element-62fa594b elementor-widget__width-initial elementor-widget elementor-widget-heading\" data-id=\"62fa594b\" data-element_type=\"widget\" data-widget_type=\"heading.default\">\n\t\t\t\t\t<div class=\"elementor-heading-title elementor-size-default\">B\u00fasqueda aut\u00f3noma ltem<\/div>\t\t\t\t<\/div>\n\t\t\t\t<div class=\"elementor-element elementor-element-6fc3f37d elementor-widget__width-initial elementor-widget elementor-widget-text-editor\" data-id=\"6fc3f37d\" data-element_type=\"widget\" data-widget_type=\"text-editor.default\">\n\t\t\t\t\t\t\t\t\t<p>Utiliza algoritmos visuales de alta precisi\u00f3n para localizar pal\u00e9s de forma inteligente y ajustar la direcci\u00f3n de las horquillas, incluso cuando los pal\u00e9s est\u00e1n colocados de forma irregular o desordenada.<\/p>\t\t\t\t\t\t\t\t<\/div>\n\t\t\t\t<\/div>\n\t\t<div class=\"elementor-element elementor-element-6170c954 e-con-full e-flex e-con e-child\" data-id=\"6170c954\" data-element_type=\"container\">\n\t\t\t\t<div class=\"elementor-element elementor-element-ae552cb elementor-widget__width-initial elementor-widget elementor-widget-heading\" data-id=\"ae552cb\" data-element_type=\"widget\" data-widget_type=\"heading.default\">\n\t\t\t\t\t<div class=\"elementor-heading-title elementor-size-default\">Transporte autom\u00e1tico<\/div>\t\t\t\t<\/div>\n\t\t\t\t<div class=\"elementor-element elementor-element-64937cc7 elementor-widget__width-initial elementor-widget elementor-widget-text-editor\" data-id=\"64937cc7\" data-element_type=\"widget\" data-widget_type=\"text-editor.default\">\n\t\t\t\t\t\t\t\t\t<p>Bas\u00e1ndose en la cartograf\u00eda y el posicionamiento a partir de las caracter\u00edsticas naturales del entorno, puede navegar y planificar rutas de forma aut\u00f3noma sin necesidad de pistas ni puntos de referencia.<\/p>\t\t\t\t\t\t\t\t<\/div>\n\t\t\t\t<\/div>\n\t\t<div class=\"elementor-element elementor-element-3dc767ce e-con-full e-flex e-con e-child\" data-id=\"3dc767ce\" data-element_type=\"container\">\n\t\t\t\t<div class=\"elementor-element elementor-element-f3b92a4 elementor-widget__width-initial elementor-widget elementor-widget-heading\" data-id=\"f3b92a4\" data-element_type=\"widget\" data-widget_type=\"heading.default\">\n\t\t\t\t\t<div class=\"elementor-heading-title elementor-size-default\">Seguridad y fiabilidad<\/div>\t\t\t\t<\/div>\n\t\t\t\t<div class=\"elementor-element elementor-element-1ac3e50c elementor-widget__width-initial elementor-widget elementor-widget-text-editor\" data-id=\"1ac3e50c\" data-element_type=\"widget\" data-widget_type=\"text-editor.default\">\n\t\t\t\t\t\t\t\t\t<p>Las medidas de seguridad multinivel, que incluyen visi\u00f3n 3D, LiDAR, bot\u00f3n de parada de emergencia y barras anticolisi\u00f3n, proporcionan una protecci\u00f3n de seguridad estereosc\u00f3pica omnidireccional de 360\u00b0.<\/p>\t\t\t\t\t\t\t\t<\/div>\n\t\t\t\t<\/div>\n\t\t<div class=\"elementor-element elementor-element-23468784 e-con-full e-flex e-con e-child\" data-id=\"23468784\" data-element_type=\"container\">\n\t\t\t\t<div class=\"elementor-element elementor-element-5d781370 elementor-widget__width-initial elementor-widget elementor-widget-heading\" data-id=\"5d781370\" data-element_type=\"widget\" data-widget_type=\"heading.default\">\n\t\t\t\t\t<div class=\"elementor-heading-title elementor-size-default\">Carga aut\u00f3noma<\/div>\t\t\t\t<\/div>\n\t\t\t\t<div class=\"elementor-element elementor-element-592ae31a elementor-widget__width-initial elementor-widget elementor-widget-text-editor\" data-id=\"592ae31a\" data-element_type=\"widget\" data-widget_type=\"text-editor.default\">\n\t\t\t\t\t\t\t\t\t<p>Equipado con funciones de carga aut\u00f3noma, se carga solo cuando la bater\u00eda est\u00e1 baja o completa la carga en momentos determinados.<\/p>\t\t\t\t\t\t\t\t<\/div>\n\t\t\t\t<\/div>\n\t\t\t\t\t<\/div>\n\t\t\t\t<\/div>\n\t\t\t\t<\/div>","protected":false},"excerpt":{"rendered":"<p>VMR-FL21503C FEATURES GET A QUOTE VMR-FL21503C This product offers compatibility with multiple pallet types, excellent cost performance, 360\u00b0 safety protection, visual navigation, automatic pallet recognition, and customizable forks, mast, and legs for a tailored solution. FEATURES Autonomous ltem Searching Utilizes high-precision visual algorithms to intelligently locate pallets and adjust fork direction, even when pallets are [&hellip;]<\/p>","protected":false},"author":1,"featured_media":3207,"parent":66,"menu_order":125,"comment_status":"closed","ping_status":"closed","template":"","meta":{"_acf_changed":false,"footnotes":""},"categories":[17],"tags":[],"class_list":["post-521","page","type-page","status-publish","has-post-thumbnail","hentry","category-stacker-forklift"],"acf":[],"yoast_head":"<!-- This site is optimized with the Yoast SEO Premium plugin v26.2 (Yoast SEO v27.3) - https:\/\/yoast.com\/product\/yoast-seo-premium-wordpress\/ -->\n<title>Intelligent Counterbalanced Forklift 1500kg payload - Lanxin Robotics<\/title>\n<meta name=\"robots\" content=\"index, follow, max-snippet:-1, max-image-preview:large, max-video-preview:-1\" \/>\n<link rel=\"canonical\" href=\"https:\/\/debug.lanxinrobotics.com\/es\/robots-moviles\/vmr-fl21503c\/\" \/>\n<meta property=\"og:locale\" content=\"es_ES\" \/>\n<meta property=\"og:type\" content=\"article\" \/>\n<meta property=\"og:title\" content=\"Intelligent Counterbalanced Forklift 1500kg payload\" \/>\n<meta property=\"og:description\" content=\"VMR-FL21503C FEATURES GET A QUOTE VMR-FL21503C This product offers compatibility with multiple pallet types, excellent cost performance, 360\u00b0 safety protection, visual navigation, automatic pallet recognition, and customizable forks, mast, and legs for a tailored solution. FEATURES Autonomous ltem Searching Utilizes high-precision visual algorithms to intelligently locate pallets and adjust fork direction, even when pallets are [&hellip;]\" \/>\n<meta property=\"og:url\" content=\"https:\/\/debug.lanxinrobotics.com\/es\/robots-moviles\/vmr-fl21503c\/\" \/>\n<meta property=\"og:site_name\" content=\"Lanxin Robotics\" \/>\n<meta property=\"article:modified_time\" content=\"2026-01-14T06:21:01+00:00\" \/>\n<meta property=\"og:image\" content=\"https:\/\/www.lanxinrobotics.com\/wp-content\/uploads\/2025\/11\/VMRFL21503C1.png\" \/>\n\t<meta property=\"og:image:width\" content=\"500\" \/>\n\t<meta property=\"og:image:height\" content=\"350\" \/>\n\t<meta property=\"og:image:type\" content=\"image\/png\" \/>\n<meta name=\"twitter:card\" content=\"summary_large_image\" \/>\n<meta name=\"twitter:label1\" content=\"Tiempo de lectura\" \/>\n\t<meta name=\"twitter:data1\" content=\"2 minutos\" \/>\n<script type=\"application\/ld+json\" class=\"yoast-schema-graph\">{\"@context\":\"https:\\\/\\\/schema.org\",\"@graph\":[{\"@type\":\"WebPage\",\"@id\":\"https:\\\/\\\/debug.lanxinrobotics.com\\\/jp\\\/%e7%a7%bb%e5%8b%95%e3%83%ad%e3%83%9c%e3%83%83%e3%83%88\\\/vmr-fl21503c\\\/\",\"url\":\"https:\\\/\\\/debug.lanxinrobotics.com\\\/jp\\\/%e7%a7%bb%e5%8b%95%e3%83%ad%e3%83%9c%e3%83%83%e3%83%88\\\/vmr-fl21503c\\\/\",\"name\":\"Intelligent Counterbalanced Forklift 1500kg payload - Lanxin Robotics\",\"isPartOf\":{\"@id\":\"https:\\\/\\\/debug.lanxinrobotics.com\\\/#website\"},\"primaryImageOfPage\":{\"@id\":\"https:\\\/\\\/debug.lanxinrobotics.com\\\/jp\\\/%e7%a7%bb%e5%8b%95%e3%83%ad%e3%83%9c%e3%83%83%e3%83%88\\\/vmr-fl21503c\\\/#primaryimage\"},\"image\":{\"@id\":\"https:\\\/\\\/debug.lanxinrobotics.com\\\/jp\\\/%e7%a7%bb%e5%8b%95%e3%83%ad%e3%83%9c%e3%83%83%e3%83%88\\\/vmr-fl21503c\\\/#primaryimage\"},\"thumbnailUrl\":\"https:\\\/\\\/www.lanxinrobotics.com\\\/wp-content\\\/uploads\\\/2025\\\/11\\\/VMRFL21503C1.png\",\"datePublished\":\"2025-06-26T17:08:30+00:00\",\"dateModified\":\"2026-01-14T06:21:01+00:00\",\"breadcrumb\":{\"@id\":\"https:\\\/\\\/debug.lanxinrobotics.com\\\/jp\\\/%e7%a7%bb%e5%8b%95%e3%83%ad%e3%83%9c%e3%83%83%e3%83%88\\\/vmr-fl21503c\\\/#breadcrumb\"},\"inLanguage\":\"es\",\"potentialAction\":[{\"@type\":\"ReadAction\",\"target\":[\"https:\\\/\\\/debug.lanxinrobotics.com\\\/jp\\\/%e7%a7%bb%e5%8b%95%e3%83%ad%e3%83%9c%e3%83%83%e3%83%88\\\/vmr-fl21503c\\\/\"]}]},{\"@type\":\"ImageObject\",\"inLanguage\":\"es\",\"@id\":\"https:\\\/\\\/debug.lanxinrobotics.com\\\/jp\\\/%e7%a7%bb%e5%8b%95%e3%83%ad%e3%83%9c%e3%83%83%e3%83%88\\\/vmr-fl21503c\\\/#primaryimage\",\"url\":\"https:\\\/\\\/www.lanxinrobotics.com\\\/wp-content\\\/uploads\\\/2025\\\/11\\\/VMRFL21503C1.png\",\"contentUrl\":\"https:\\\/\\\/www.lanxinrobotics.com\\\/wp-content\\\/uploads\\\/2025\\\/11\\\/VMRFL21503C1.png\",\"width\":500,\"height\":350},{\"@type\":\"BreadcrumbList\",\"@id\":\"https:\\\/\\\/debug.lanxinrobotics.com\\\/jp\\\/%e7%a7%bb%e5%8b%95%e3%83%ad%e3%83%9c%e3%83%83%e3%83%88\\\/vmr-fl21503c\\\/#breadcrumb\",\"itemListElement\":[{\"@type\":\"ListItem\",\"position\":1,\"name\":\"Home\",\"item\":\"https:\\\/\\\/debug.lanxinrobotics.com\\\/\"},{\"@type\":\"ListItem\",\"position\":2,\"name\":\"Mobile Robots\",\"item\":\"https:\\\/\\\/debug.lanxinrobotics.com\\\/kr\\\/%eb%aa%a8%eb%b0%94%ec%9d%bc-%eb%a1%9c%eb%b4%87\\\/\"},{\"@type\":\"ListItem\",\"position\":3,\"name\":\"Intelligent Counterbalanced Forklift 1500kg payload\"}]},{\"@type\":\"WebSite\",\"@id\":\"https:\\\/\\\/debug.lanxinrobotics.com\\\/#website\",\"url\":\"https:\\\/\\\/debug.lanxinrobotics.com\\\/\",\"name\":\"Lanxin Robotics\",\"description\":\"Visionary robots, to see, understand, and serve the world,\",\"publisher\":{\"@id\":\"https:\\\/\\\/debug.lanxinrobotics.com\\\/#organization\"},\"potentialAction\":[{\"@type\":\"SearchAction\",\"target\":{\"@type\":\"EntryPoint\",\"urlTemplate\":\"https:\\\/\\\/debug.lanxinrobotics.com\\\/?s={search_term_string}\"},\"query-input\":{\"@type\":\"PropertyValueSpecification\",\"valueRequired\":true,\"valueName\":\"search_term_string\"}}],\"inLanguage\":\"es\"},{\"@type\":[\"Organization\",\"Place\"],\"@id\":\"https:\\\/\\\/debug.lanxinrobotics.com\\\/#organization\",\"name\":\"Lanxin Robotics\",\"url\":\"https:\\\/\\\/debug.lanxinrobotics.com\\\/\",\"logo\":{\"@id\":\"https:\\\/\\\/debug.lanxinrobotics.com\\\/jp\\\/%e7%a7%bb%e5%8b%95%e3%83%ad%e3%83%9c%e3%83%83%e3%83%88\\\/vmr-fl21503c\\\/#local-main-organization-logo\"},\"image\":{\"@id\":\"https:\\\/\\\/debug.lanxinrobotics.com\\\/jp\\\/%e7%a7%bb%e5%8b%95%e3%83%ad%e3%83%9c%e3%83%83%e3%83%88\\\/vmr-fl21503c\\\/#local-main-organization-logo\"},\"telephone\":[],\"openingHoursSpecification\":[{\"@type\":\"OpeningHoursSpecification\",\"dayOfWeek\":[\"Monday\",\"Tuesday\",\"Wednesday\",\"Thursday\",\"Friday\",\"Saturday\",\"Sunday\"],\"opens\":\"09:00\",\"closes\":\"17:00\"}]},{\"@type\":\"ImageObject\",\"inLanguage\":\"es\",\"@id\":\"https:\\\/\\\/debug.lanxinrobotics.com\\\/jp\\\/%e7%a7%bb%e5%8b%95%e3%83%ad%e3%83%9c%e3%83%83%e3%83%88\\\/vmr-fl21503c\\\/#local-main-organization-logo\",\"url\":\"https:\\\/\\\/www.lanxinrobotics.com\\\/wp-content\\\/uploads\\\/2025\\\/06\\\/LanxinLogo.svg\",\"contentUrl\":\"https:\\\/\\\/www.lanxinrobotics.com\\\/wp-content\\\/uploads\\\/2025\\\/06\\\/LanxinLogo.svg\",\"width\":496,\"height\":130,\"caption\":\"Lanxin Robotics\"}]}<\/script>\n<!-- \/ Yoast SEO Premium plugin. -->","yoast_head_json":{"title":"Carretilla Elevadora Contrapesada Inteligente 1500kg carga \u00fatil - Lanxin Robotics","robots":{"index":"index","follow":"follow","max-snippet":"max-snippet:-1","max-image-preview":"max-image-preview:large","max-video-preview":"max-video-preview:-1"},"canonical":"https:\/\/debug.lanxinrobotics.com\/es\/robots-moviles\/vmr-fl21503c\/","og_locale":"es_ES","og_type":"article","og_title":"Intelligent Counterbalanced Forklift 1500kg payload","og_description":"VMR-FL21503C FEATURES GET A QUOTE VMR-FL21503C This product offers compatibility with multiple pallet types, excellent cost performance, 360\u00b0 safety protection, visual navigation, automatic pallet recognition, and customizable forks, mast, and legs for a tailored solution. FEATURES Autonomous ltem Searching Utilizes high-precision visual algorithms to intelligently locate pallets and adjust fork direction, even when pallets are [&hellip;]","og_url":"https:\/\/debug.lanxinrobotics.com\/es\/robots-moviles\/vmr-fl21503c\/","og_site_name":"Lanxin Robotics","article_modified_time":"2026-01-14T06:21:01+00:00","og_image":[{"width":500,"height":350,"url":"https:\/\/www.lanxinrobotics.com\/wp-content\/uploads\/2025\/11\/VMRFL21503C1.png","type":"image\/png"}],"twitter_card":"summary_large_image","twitter_misc":{"Tiempo de lectura":"2 minutos"},"schema":{"@context":"https:\/\/schema.org","@graph":[{"@type":"WebPage","@id":"https:\/\/debug.lanxinrobotics.com\/jp\/%e7%a7%bb%e5%8b%95%e3%83%ad%e3%83%9c%e3%83%83%e3%83%88\/vmr-fl21503c\/","url":"https:\/\/debug.lanxinrobotics.com\/jp\/%e7%a7%bb%e5%8b%95%e3%83%ad%e3%83%9c%e3%83%83%e3%83%88\/vmr-fl21503c\/","name":"Carretilla Elevadora Contrapesada Inteligente 1500kg carga \u00fatil - Lanxin Robotics","isPartOf":{"@id":"https:\/\/debug.lanxinrobotics.com\/#website"},"primaryImageOfPage":{"@id":"https:\/\/debug.lanxinrobotics.com\/jp\/%e7%a7%bb%e5%8b%95%e3%83%ad%e3%83%9c%e3%83%83%e3%83%88\/vmr-fl21503c\/#primaryimage"},"image":{"@id":"https:\/\/debug.lanxinrobotics.com\/jp\/%e7%a7%bb%e5%8b%95%e3%83%ad%e3%83%9c%e3%83%83%e3%83%88\/vmr-fl21503c\/#primaryimage"},"thumbnailUrl":"https:\/\/www.lanxinrobotics.com\/wp-content\/uploads\/2025\/11\/VMRFL21503C1.png","datePublished":"2025-06-26T17:08:30+00:00","dateModified":"2026-01-14T06:21:01+00:00","breadcrumb":{"@id":"https:\/\/debug.lanxinrobotics.com\/jp\/%e7%a7%bb%e5%8b%95%e3%83%ad%e3%83%9c%e3%83%83%e3%83%88\/vmr-fl21503c\/#breadcrumb"},"inLanguage":"es","potentialAction":[{"@type":"ReadAction","target":["https:\/\/debug.lanxinrobotics.com\/jp\/%e7%a7%bb%e5%8b%95%e3%83%ad%e3%83%9c%e3%83%83%e3%83%88\/vmr-fl21503c\/"]}]},{"@type":"ImageObject","inLanguage":"es","@id":"https:\/\/debug.lanxinrobotics.com\/jp\/%e7%a7%bb%e5%8b%95%e3%83%ad%e3%83%9c%e3%83%83%e3%83%88\/vmr-fl21503c\/#primaryimage","url":"https:\/\/www.lanxinrobotics.com\/wp-content\/uploads\/2025\/11\/VMRFL21503C1.png","contentUrl":"https:\/\/www.lanxinrobotics.com\/wp-content\/uploads\/2025\/11\/VMRFL21503C1.png","width":500,"height":350},{"@type":"BreadcrumbList","@id":"https:\/\/debug.lanxinrobotics.com\/jp\/%e7%a7%bb%e5%8b%95%e3%83%ad%e3%83%9c%e3%83%83%e3%83%88\/vmr-fl21503c\/#breadcrumb","itemListElement":[{"@type":"ListItem","position":1,"name":"Home","item":"https:\/\/debug.lanxinrobotics.com\/"},{"@type":"ListItem","position":2,"name":"Mobile Robots","item":"https:\/\/debug.lanxinrobotics.com\/kr\/%eb%aa%a8%eb%b0%94%ec%9d%bc-%eb%a1%9c%eb%b4%87\/"},{"@type":"ListItem","position":3,"name":"Intelligent Counterbalanced Forklift 1500kg payload"}]},{"@type":"WebSite","@id":"https:\/\/debug.lanxinrobotics.com\/#website","url":"https:\/\/debug.lanxinrobotics.com\/","name":"Lanxin Robotics","description":"Robots visionarios, para ver, comprender y servir al mundo,","publisher":{"@id":"https:\/\/debug.lanxinrobotics.com\/#organization"},"potentialAction":[{"@type":"SearchAction","target":{"@type":"EntryPoint","urlTemplate":"https:\/\/debug.lanxinrobotics.com\/?s={search_term_string}"},"query-input":{"@type":"PropertyValueSpecification","valueRequired":true,"valueName":"search_term_string"}}],"inLanguage":"es"},{"@type":["Organization","Place"],"@id":"https:\/\/debug.lanxinrobotics.com\/#organization","name":"Lanxin Robotics","url":"https:\/\/debug.lanxinrobotics.com\/","logo":{"@id":"https:\/\/debug.lanxinrobotics.com\/jp\/%e7%a7%bb%e5%8b%95%e3%83%ad%e3%83%9c%e3%83%83%e3%83%88\/vmr-fl21503c\/#local-main-organization-logo"},"image":{"@id":"https:\/\/debug.lanxinrobotics.com\/jp\/%e7%a7%bb%e5%8b%95%e3%83%ad%e3%83%9c%e3%83%83%e3%83%88\/vmr-fl21503c\/#local-main-organization-logo"},"telephone":[],"openingHoursSpecification":[{"@type":"OpeningHoursSpecification","dayOfWeek":["Monday","Tuesday","Wednesday","Thursday","Friday","Saturday","Sunday"],"opens":"09:00","closes":"17:00"}]},{"@type":"ImageObject","inLanguage":"es","@id":"https:\/\/debug.lanxinrobotics.com\/jp\/%e7%a7%bb%e5%8b%95%e3%83%ad%e3%83%9c%e3%83%83%e3%83%88\/vmr-fl21503c\/#local-main-organization-logo","url":"https:\/\/www.lanxinrobotics.com\/wp-content\/uploads\/2025\/06\/LanxinLogo.svg","contentUrl":"https:\/\/www.lanxinrobotics.com\/wp-content\/uploads\/2025\/06\/LanxinLogo.svg","width":496,"height":130,"caption":"Lanxin Robotics"}]}},"_links":{"self":[{"href":"https:\/\/debug.lanxinrobotics.com\/es\/wp-json\/wp\/v2\/pages\/521","targetHints":{"allow":["GET"]}}],"collection":[{"href":"https:\/\/debug.lanxinrobotics.com\/es\/wp-json\/wp\/v2\/pages"}],"about":[{"href":"https:\/\/debug.lanxinrobotics.com\/es\/wp-json\/wp\/v2\/types\/page"}],"author":[{"embeddable":true,"href":"https:\/\/debug.lanxinrobotics.com\/es\/wp-json\/wp\/v2\/users\/1"}],"replies":[{"embeddable":true,"href":"https:\/\/debug.lanxinrobotics.com\/es\/wp-json\/wp\/v2\/comments?post=521"}],"version-history":[{"count":8,"href":"https:\/\/debug.lanxinrobotics.com\/es\/wp-json\/wp\/v2\/pages\/521\/revisions"}],"predecessor-version":[{"id":3212,"href":"https:\/\/debug.lanxinrobotics.com\/es\/wp-json\/wp\/v2\/pages\/521\/revisions\/3212"}],"up":[{"embeddable":true,"href":"https:\/\/debug.lanxinrobotics.com\/es\/wp-json\/wp\/v2\/pages\/66"}],"wp:featuredmedia":[{"embeddable":true,"href":"https:\/\/debug.lanxinrobotics.com\/es\/wp-json\/wp\/v2\/media\/3207"}],"wp:attachment":[{"href":"https:\/\/debug.lanxinrobotics.com\/es\/wp-json\/wp\/v2\/media?parent=521"}],"wp:term":[{"taxonomy":"category","embeddable":true,"href":"https:\/\/debug.lanxinrobotics.com\/es\/wp-json\/wp\/v2\/categories?post=521"},{"taxonomy":"post_tag","embeddable":true,"href":"https:\/\/debug.lanxinrobotics.com\/es\/wp-json\/wp\/v2\/tags?post=521"}],"curies":[{"name":"wp","href":"https:\/\/api.w.org\/{rel}","templated":true}]}}