{"id":63,"date":"2025-06-26T08:25:36","date_gmt":"2025-06-26T00:25:36","guid":{"rendered":"https:\/\/lanxinrobotics.com\/?page_id=63"},"modified":"2026-01-26T17:49:15","modified_gmt":"2026-01-26T09:49:15","slug":"solution","status":"publish","type":"page","link":"https:\/\/debug.lanxinrobotics.com\/fr\/solution\/","title":{"rendered":"Solutions"},"content":{"rendered":"<div data-elementor-type=\"wp-page\" data-elementor-id=\"63\" class=\"elementor elementor-63\" data-elementor-post-type=\"page\">\n\t\t\t\t<div class=\"elementor-element elementor-element-61fd0e4 e-flex e-con-boxed e-con e-parent\" data-id=\"61fd0e4\" data-element_type=\"container\" data-settings=\"{&quot;background_background&quot;:&quot;classic&quot;}\">\n\t\t\t\t\t<div class=\"e-con-inner\">\n\t\t\t\t<div class=\"elementor-element elementor-element-9de81f4 elementor-widget elementor-widget-heading\" data-id=\"9de81f4\" data-element_type=\"widget\" data-widget_type=\"heading.default\">\n\t\t\t\t\t<h1 class=\"elementor-heading-title elementor-size-default\">Solutions industrielles<\/h1>\t\t\t\t<\/div>\n\t\t\t\t<div class=\"elementor-element elementor-element-1c6599d elementor-widget__width-initial elementor-widget-tablet__width-initial elementor-widget elementor-widget-heading\" data-id=\"1c6599d\" data-element_type=\"widget\" data-widget_type=\"heading.default\">\n\t\t\t\t\t<div class=\"elementor-heading-title elementor-size-default\">LANXIN propose des solutions logistiques intelligentes compl\u00e8tes, allant des \u00e9quipements aux syst\u00e8mes int\u00e9gr\u00e9s, pour divers secteurs industriels, et accompagne les fabricants dans la construction d\u2019usines intelligentes, num\u00e9riques et flexibles.<\/div>\t\t\t\t<\/div>\n\t\t\t\t<div class=\"elementor-element elementor-element-37bbf5a elementor-widget elementor-widget-button\" data-id=\"37bbf5a\" data-element_type=\"widget\" data-widget_type=\"button.default\">\n\t\t\t\t\t\t\t\t\t\t<a class=\"elementor-button elementor-button-link elementor-size-sm\" href=\"https:\/\/lanxinrobotics.com\/contact\/\">\n\t\t\t\t\t\t<span class=\"elementor-button-content-wrapper\">\n\t\t\t\t\t\t<span class=\"elementor-button-icon\">\n\t\t\t\t<svg aria-hidden=\"true\" class=\"e-font-icon-svg e-fas-arrow-right\" viewbox=\"0 0 448 512\" xmlns=\"http:\/\/www.w3.org\/2000\/svg\"><path d=\"M190.5 66.9l22.2-22.2c9.4-9.4 24.6-9.4 33.9 0L441 239c9.4 9.4 9.4 24.6 0 33.9L246.6 467.3c-9.4 9.4-24.6 9.4-33.9 0l-22.2-22.2c-9.5-9.5-9.3-25 .4-34.3L311.4 296H24c-13.3 0-24-10.7-24-24v-32c0-13.3 10.7-24 24-24h287.4L190.9 101.2c-9.8-9.3-10-24.8-.4-34.3z\"><\/path><\/svg>\t\t\t<\/span>\n\t\t\t\t\t\t\t\t\t<span class=\"elementor-button-text\">NOUS CONTACTER<\/span>\n\t\t\t\t\t<\/span>\n\t\t\t\t\t<\/a>\n\t\t\t\t\t\t\t\t<\/div>\n\t\t\t\t\t<\/div>\n\t\t\t\t<\/div>\n\t\t<div class=\"elementor-element elementor-element-8f85c6f e-grid e-con-boxed e-con e-parent\" data-id=\"8f85c6f\" data-element_type=\"container\">\n\t\t\t\t\t<div class=\"e-con-inner\">\n\t\t\t\t<div class=\"elementor-element elementor-element-15eece1 elementor-cta--skin-cover elementor-cta--valign-middle elementor-animated-content elementor-widget elementor-widget-call-to-action\" data-id=\"15eece1\" data-element_type=\"widget\" data-widget_type=\"call-to-action.default\">\n\t\t\t\t\t\t\t<a class=\"elementor-cta\" href=\"https:\/\/lanxinrobotics.com\/electrical-electronic-industry-solutions\/\">\n\t\t\t\t\t<div class=\"elementor-cta__bg-wrapper\">\n\t\t\t\t<div class=\"elementor-cta__bg elementor-bg\" style=\"background-image: url(https:\/\/www.lanxinrobotics.com\/wp-content\/uploads\/2026\/01\/pexels-pok-rie-33563-1432669-scaled.jpg);\" role=\"img\" aria-label=\"pexels-pok-rie-33563-1432669\"><\/div>\n\t\t\t\t<div class=\"elementor-cta__bg-overlay\"><\/div>\n\t\t\t<\/div>\n\t\t\t\t\t\t\t<div class=\"elementor-cta__content\">\n\t\t\t\t\n\t\t\t\t\t\t\t\t\t<h2 class=\"elementor-cta__title elementor-cta__content-item elementor-content-item elementor-animated-item--grow\">\n\t\t\t\t\t\t\u00c9lectronique &amp; \u00c9lectrique\t\t\t\t\t<\/h2>\n\t\t\t\t\n\t\t\t\t\n\t\t\t\t\t\t\t<\/div>\n\t\t\t\t\t\t<\/a>\n\t\t\t\t\t\t<\/div>\n\t\t\t\t<div class=\"elementor-element elementor-element-f84f9c3 elementor-cta--skin-cover elementor-cta--valign-middle elementor-animated-content elementor-widget elementor-widget-call-to-action\" data-id=\"f84f9c3\" data-element_type=\"widget\" data-widget_type=\"call-to-action.default\">\n\t\t\t\t\t\t\t<a class=\"elementor-cta\" href=\"https:\/\/lanxinrobotics.com\/automotive-industry-solution\/\">\n\t\t\t\t\t<div class=\"elementor-cta__bg-wrapper\">\n\t\t\t\t<div class=\"elementor-cta__bg elementor-bg\" style=\"background-image: url(https:\/\/www.lanxinrobotics.com\/wp-content\/uploads\/2026\/01\/pexels-hyundaimotorgroup-19233057-scaled.jpg);\" role=\"img\" aria-label=\"pexels-hyundaimotorgroup-19233057\"><\/div>\n\t\t\t\t<div class=\"elementor-cta__bg-overlay\"><\/div>\n\t\t\t<\/div>\n\t\t\t\t\t\t\t<div class=\"elementor-cta__content\">\n\t\t\t\t\n\t\t\t\t\t\t\t\t\t<h2 class=\"elementor-cta__title elementor-cta__content-item elementor-content-item elementor-animated-item--grow\">\n\t\t\t\t\t\tIndustrie automobile\t\t\t\t\t<\/h2>\n\t\t\t\t\n\t\t\t\t\n\t\t\t\t\t\t\t<\/div>\n\t\t\t\t\t\t<\/a>\n\t\t\t\t\t\t<\/div>\n\t\t\t\t<div class=\"elementor-element elementor-element-542f8a3 elementor-cta--skin-cover elementor-cta--valign-middle elementor-animated-content elementor-widget elementor-widget-call-to-action\" data-id=\"542f8a3\" data-element_type=\"widget\" data-widget_type=\"call-to-action.default\">\n\t\t\t\t\t\t\t<a class=\"elementor-cta\" href=\"https:\/\/lanxinrobotics.com\/battery-industry-solution\/\">\n\t\t\t\t\t<div class=\"elementor-cta__bg-wrapper\">\n\t\t\t\t<div class=\"elementor-cta__bg elementor-bg\" style=\"background-image: url(https:\/\/www.lanxinrobotics.com\/wp-content\/uploads\/2026\/01\/pexels-hilaryh-698485-scaled.jpg);\" role=\"img\" aria-label=\"Solution industrielle Lanxin Battery\"><\/div>\n\t\t\t\t<div class=\"elementor-cta__bg-overlay\"><\/div>\n\t\t\t<\/div>\n\t\t\t\t\t\t\t<div class=\"elementor-cta__content\">\n\t\t\t\t\n\t\t\t\t\t\t\t\t\t<h2 class=\"elementor-cta__title elementor-cta__content-item elementor-content-item elementor-animated-item--grow\">\n\t\t\t\t\t\tIndustrie des batteries\t\t\t\t\t<\/h2>\n\t\t\t\t\n\t\t\t\t\n\t\t\t\t\t\t\t<\/div>\n\t\t\t\t\t\t<\/a>\n\t\t\t\t\t\t<\/div>\n\t\t\t\t<div class=\"elementor-element elementor-element-0089f46 elementor-cta--skin-cover elementor-cta--valign-middle elementor-animated-content elementor-widget elementor-widget-call-to-action\" data-id=\"0089f46\" data-element_type=\"widget\" data-widget_type=\"call-to-action.default\">\n\t\t\t\t\t\t\t<a class=\"elementor-cta\" href=\"https:\/\/lanxinrobotics.com\/packaging-general-solution\/\">\n\t\t\t\t\t<div class=\"elementor-cta__bg-wrapper\">\n\t\t\t\t<div class=\"elementor-cta__bg elementor-bg\" style=\"background-image: url(https:\/\/www.lanxinrobotics.com\/wp-content\/uploads\/2026\/01\/pexels-tiger-lily-4481326-scaled.jpg);\" role=\"img\" aria-label=\"Lanxin Packaging Industrial Solution\"><\/div>\n\t\t\t\t<div class=\"elementor-cta__bg-overlay\"><\/div>\n\t\t\t<\/div>\n\t\t\t\t\t\t\t<div class=\"elementor-cta__content\">\n\t\t\t\t\n\t\t\t\t\t\t\t\t\t<h2 class=\"elementor-cta__title elementor-cta__content-item elementor-content-item elementor-animated-item--grow\">\n\t\t\t\t\t\tIndustrie de l\u2019emballage\t\t\t\t\t<\/h2>\n\t\t\t\t\n\t\t\t\t\n\t\t\t\t\t\t\t<\/div>\n\t\t\t\t\t\t<\/a>\n\t\t\t\t\t\t<\/div>\n\t\t\t\t\t<\/div>\n\t\t\t\t<\/div>\n\t\t\t\t<\/div>","protected":false},"excerpt":{"rendered":"<p>Industrial Solutions LANXIN provides comprehensive intelligent logistics solutions from equipment to systems for various industries, helping manufacturers build digital and flexible smart factories. CONTACT US Electrical &#038; Electronics Automobile Battery Packaging<\/p>","protected":false},"author":1,"featured_media":3148,"parent":0,"menu_order":400,"comment_status":"closed","ping_status":"closed","template":"","meta":{"_acf_changed":false,"footnotes":""},"categories":[],"tags":[],"class_list":["post-63","page","type-page","status-publish","has-post-thumbnail","hentry"],"acf":[],"yoast_head":"<!-- This site is optimized with the Yoast SEO Premium plugin v26.2 (Yoast SEO v27.3) - https:\/\/yoast.com\/product\/yoast-seo-premium-wordpress\/ -->\n<title>Solution - Lanxin Robotics<\/title>\n<meta name=\"description\" content=\"LANXIN provides intelligent logistics solutions for all scenarios, integrating self-developed visual navigation and mobile robot technologies to help manufacturing companies achieve unmanned handling, flexible production, and efficient warehousing.\" \/>\n<meta name=\"robots\" content=\"index, follow, max-snippet:-1, max-image-preview:large, max-video-preview:-1\" \/>\n<link rel=\"canonical\" href=\"https:\/\/debug.lanxinrobotics.com\/fr\/solution\/\" \/>\n<meta property=\"og:locale\" content=\"fr_FR\" \/>\n<meta property=\"og:type\" content=\"article\" \/>\n<meta property=\"og:title\" content=\"Solution\" \/>\n<meta property=\"og:description\" content=\"LANXIN provides intelligent logistics solutions for all scenarios, integrating self-developed visual navigation and mobile robot technologies to help manufacturing companies achieve unmanned handling, flexible production, and efficient warehousing.\" \/>\n<meta property=\"og:url\" content=\"https:\/\/debug.lanxinrobotics.com\/fr\/solution\/\" \/>\n<meta property=\"og:site_name\" content=\"Lanxin Robotics\" \/>\n<meta property=\"article:modified_time\" content=\"2026-01-26T09:49:15+00:00\" \/>\n<meta property=\"og:image\" content=\"https:\/\/www.lanxinrobotics.com\/wp-content\/uploads\/2025\/10\/\u65b0\u5efa-\u7a7a\u767d-\u753b\u9762-131.webp\" \/>\n\t<meta property=\"og:image:width\" content=\"1920\" \/>\n\t<meta property=\"og:image:height\" content=\"850\" \/>\n\t<meta property=\"og:image:type\" content=\"image\/webp\" \/>\n<meta name=\"twitter:card\" content=\"summary_large_image\" \/>\n<meta name=\"twitter:label1\" content=\"Dur\u00e9e de lecture estim\u00e9e\" \/>\n\t<meta name=\"twitter:data1\" content=\"1 minute\" \/>\n<script type=\"application\/ld+json\" class=\"yoast-schema-graph\">{\"@context\":\"https:\\\/\\\/schema.org\",\"@graph\":[{\"@type\":\"WebPage\",\"@id\":\"https:\\\/\\\/debug.lanxinrobotics.com\\\/jp\\\/%e3%82%bd%e3%83%aa%e3%83%a5%e3%83%bc%e3%82%b7%e3%83%a7%e3%83%b3\\\/\",\"url\":\"https:\\\/\\\/debug.lanxinrobotics.com\\\/jp\\\/%e3%82%bd%e3%83%aa%e3%83%a5%e3%83%bc%e3%82%b7%e3%83%a7%e3%83%b3\\\/\",\"name\":\"Solution - Lanxin Robotics\",\"isPartOf\":{\"@id\":\"https:\\\/\\\/debug.lanxinrobotics.com\\\/#website\"},\"primaryImageOfPage\":{\"@id\":\"https:\\\/\\\/debug.lanxinrobotics.com\\\/jp\\\/%e3%82%bd%e3%83%aa%e3%83%a5%e3%83%bc%e3%82%b7%e3%83%a7%e3%83%b3\\\/#primaryimage\"},\"image\":{\"@id\":\"https:\\\/\\\/debug.lanxinrobotics.com\\\/jp\\\/%e3%82%bd%e3%83%aa%e3%83%a5%e3%83%bc%e3%82%b7%e3%83%a7%e3%83%b3\\\/#primaryimage\"},\"thumbnailUrl\":\"https:\\\/\\\/www.lanxinrobotics.com\\\/wp-content\\\/uploads\\\/2025\\\/10\\\/\u65b0\u5efa-\u7a7a\u767d-\u753b\u9762-131.webp\",\"datePublished\":\"2025-06-26T00:25:36+00:00\",\"dateModified\":\"2026-01-26T09:49:15+00:00\",\"description\":\"LANXIN provides intelligent logistics solutions for all scenarios, integrating self-developed visual navigation and mobile robot technologies to help manufacturing companies achieve unmanned handling, flexible production, and efficient warehousing.\",\"breadcrumb\":{\"@id\":\"https:\\\/\\\/debug.lanxinrobotics.com\\\/jp\\\/%e3%82%bd%e3%83%aa%e3%83%a5%e3%83%bc%e3%82%b7%e3%83%a7%e3%83%b3\\\/#breadcrumb\"},\"inLanguage\":\"fr-FR\",\"potentialAction\":[{\"@type\":\"ReadAction\",\"target\":[\"https:\\\/\\\/debug.lanxinrobotics.com\\\/jp\\\/%e3%82%bd%e3%83%aa%e3%83%a5%e3%83%bc%e3%82%b7%e3%83%a7%e3%83%b3\\\/\"]}]},{\"@type\":\"ImageObject\",\"inLanguage\":\"fr-FR\",\"@id\":\"https:\\\/\\\/debug.lanxinrobotics.com\\\/jp\\\/%e3%82%bd%e3%83%aa%e3%83%a5%e3%83%bc%e3%82%b7%e3%83%a7%e3%83%b3\\\/#primaryimage\",\"url\":\"https:\\\/\\\/www.lanxinrobotics.com\\\/wp-content\\\/uploads\\\/2025\\\/10\\\/\u65b0\u5efa-\u7a7a\u767d-\u753b\u9762-131.webp\",\"contentUrl\":\"https:\\\/\\\/www.lanxinrobotics.com\\\/wp-content\\\/uploads\\\/2025\\\/10\\\/\u65b0\u5efa-\u7a7a\u767d-\u753b\u9762-131.webp\",\"width\":1920,\"height\":850,\"caption\":\"about LANXIN\"},{\"@type\":\"BreadcrumbList\",\"@id\":\"https:\\\/\\\/debug.lanxinrobotics.com\\\/jp\\\/%e3%82%bd%e3%83%aa%e3%83%a5%e3%83%bc%e3%82%b7%e3%83%a7%e3%83%b3\\\/#breadcrumb\",\"itemListElement\":[{\"@type\":\"ListItem\",\"position\":1,\"name\":\"Home\",\"item\":\"https:\\\/\\\/debug.lanxinrobotics.com\\\/\"},{\"@type\":\"ListItem\",\"position\":2,\"name\":\"Solution\"}]},{\"@type\":\"WebSite\",\"@id\":\"https:\\\/\\\/debug.lanxinrobotics.com\\\/#website\",\"url\":\"https:\\\/\\\/debug.lanxinrobotics.com\\\/\",\"name\":\"Lanxin Robotics\",\"description\":\"Visionary robots, to see, understand, and serve the world,\",\"publisher\":{\"@id\":\"https:\\\/\\\/debug.lanxinrobotics.com\\\/#organization\"},\"potentialAction\":[{\"@type\":\"SearchAction\",\"target\":{\"@type\":\"EntryPoint\",\"urlTemplate\":\"https:\\\/\\\/debug.lanxinrobotics.com\\\/?s={search_term_string}\"},\"query-input\":{\"@type\":\"PropertyValueSpecification\",\"valueRequired\":true,\"valueName\":\"search_term_string\"}}],\"inLanguage\":\"fr-FR\"},{\"@type\":[\"Organization\",\"Place\"],\"@id\":\"https:\\\/\\\/debug.lanxinrobotics.com\\\/#organization\",\"name\":\"Lanxin Robotics\",\"url\":\"https:\\\/\\\/debug.lanxinrobotics.com\\\/\",\"logo\":{\"@id\":\"https:\\\/\\\/debug.lanxinrobotics.com\\\/jp\\\/%e3%82%bd%e3%83%aa%e3%83%a5%e3%83%bc%e3%82%b7%e3%83%a7%e3%83%b3\\\/#local-main-organization-logo\"},\"image\":{\"@id\":\"https:\\\/\\\/debug.lanxinrobotics.com\\\/jp\\\/%e3%82%bd%e3%83%aa%e3%83%a5%e3%83%bc%e3%82%b7%e3%83%a7%e3%83%b3\\\/#local-main-organization-logo\"},\"telephone\":[],\"openingHoursSpecification\":[{\"@type\":\"OpeningHoursSpecification\",\"dayOfWeek\":[\"Monday\",\"Tuesday\",\"Wednesday\",\"Thursday\",\"Friday\",\"Saturday\",\"Sunday\"],\"opens\":\"09:00\",\"closes\":\"17:00\"}]},{\"@type\":\"ImageObject\",\"inLanguage\":\"fr-FR\",\"@id\":\"https:\\\/\\\/debug.lanxinrobotics.com\\\/jp\\\/%e3%82%bd%e3%83%aa%e3%83%a5%e3%83%bc%e3%82%b7%e3%83%a7%e3%83%b3\\\/#local-main-organization-logo\",\"url\":\"https:\\\/\\\/www.lanxinrobotics.com\\\/wp-content\\\/uploads\\\/2025\\\/06\\\/LanxinLogo.svg\",\"contentUrl\":\"https:\\\/\\\/www.lanxinrobotics.com\\\/wp-content\\\/uploads\\\/2025\\\/06\\\/LanxinLogo.svg\",\"width\":496,\"height\":130,\"caption\":\"Lanxin Robotics\"}]}<\/script>\n<!-- \/ Yoast SEO Premium plugin. -->","yoast_head_json":{"title":"Solution - Lanxin Robotics","description":"LANXIN fournit des solutions logistiques intelligentes pour tous les sc\u00e9narios, en int\u00e9grant des technologies de navigation visuelle et de robot mobile d\u00e9velopp\u00e9es par ses soins, afin d'aider les entreprises manufacturi\u00e8res \u00e0 r\u00e9aliser une manutention sans personnel, une production flexible et un entreposage efficace.","robots":{"index":"index","follow":"follow","max-snippet":"max-snippet:-1","max-image-preview":"max-image-preview:large","max-video-preview":"max-video-preview:-1"},"canonical":"https:\/\/debug.lanxinrobotics.com\/fr\/solution\/","og_locale":"fr_FR","og_type":"article","og_title":"Solution","og_description":"LANXIN provides intelligent logistics solutions for all scenarios, integrating self-developed visual navigation and mobile robot technologies to help manufacturing companies achieve unmanned handling, flexible production, and efficient warehousing.","og_url":"https:\/\/debug.lanxinrobotics.com\/fr\/solution\/","og_site_name":"Lanxin Robotics","article_modified_time":"2026-01-26T09:49:15+00:00","og_image":[{"width":1920,"height":850,"url":"https:\/\/www.lanxinrobotics.com\/wp-content\/uploads\/2025\/10\/\u65b0\u5efa-\u7a7a\u767d-\u753b\u9762-131.webp","type":"image\/webp"}],"twitter_card":"summary_large_image","twitter_misc":{"Dur\u00e9e de lecture estim\u00e9e":"1 minute"},"schema":{"@context":"https:\/\/schema.org","@graph":[{"@type":"WebPage","@id":"https:\/\/debug.lanxinrobotics.com\/jp\/%e3%82%bd%e3%83%aa%e3%83%a5%e3%83%bc%e3%82%b7%e3%83%a7%e3%83%b3\/","url":"https:\/\/debug.lanxinrobotics.com\/jp\/%e3%82%bd%e3%83%aa%e3%83%a5%e3%83%bc%e3%82%b7%e3%83%a7%e3%83%b3\/","name":"Solution - Lanxin Robotics","isPartOf":{"@id":"https:\/\/debug.lanxinrobotics.com\/#website"},"primaryImageOfPage":{"@id":"https:\/\/debug.lanxinrobotics.com\/jp\/%e3%82%bd%e3%83%aa%e3%83%a5%e3%83%bc%e3%82%b7%e3%83%a7%e3%83%b3\/#primaryimage"},"image":{"@id":"https:\/\/debug.lanxinrobotics.com\/jp\/%e3%82%bd%e3%83%aa%e3%83%a5%e3%83%bc%e3%82%b7%e3%83%a7%e3%83%b3\/#primaryimage"},"thumbnailUrl":"https:\/\/www.lanxinrobotics.com\/wp-content\/uploads\/2025\/10\/\u65b0\u5efa-\u7a7a\u767d-\u753b\u9762-131.webp","datePublished":"2025-06-26T00:25:36+00:00","dateModified":"2026-01-26T09:49:15+00:00","description":"LANXIN fournit des solutions logistiques intelligentes pour tous les sc\u00e9narios, en int\u00e9grant des technologies de navigation visuelle et de robot mobile d\u00e9velopp\u00e9es par ses soins, afin d'aider les entreprises manufacturi\u00e8res \u00e0 r\u00e9aliser une manutention sans personnel, une production flexible et un entreposage efficace.","breadcrumb":{"@id":"https:\/\/debug.lanxinrobotics.com\/jp\/%e3%82%bd%e3%83%aa%e3%83%a5%e3%83%bc%e3%82%b7%e3%83%a7%e3%83%b3\/#breadcrumb"},"inLanguage":"fr-FR","potentialAction":[{"@type":"ReadAction","target":["https:\/\/debug.lanxinrobotics.com\/jp\/%e3%82%bd%e3%83%aa%e3%83%a5%e3%83%bc%e3%82%b7%e3%83%a7%e3%83%b3\/"]}]},{"@type":"ImageObject","inLanguage":"fr-FR","@id":"https:\/\/debug.lanxinrobotics.com\/jp\/%e3%82%bd%e3%83%aa%e3%83%a5%e3%83%bc%e3%82%b7%e3%83%a7%e3%83%b3\/#primaryimage","url":"https:\/\/www.lanxinrobotics.com\/wp-content\/uploads\/2025\/10\/\u65b0\u5efa-\u7a7a\u767d-\u753b\u9762-131.webp","contentUrl":"https:\/\/www.lanxinrobotics.com\/wp-content\/uploads\/2025\/10\/\u65b0\u5efa-\u7a7a\u767d-\u753b\u9762-131.webp","width":1920,"height":850,"caption":"about LANXIN"},{"@type":"BreadcrumbList","@id":"https:\/\/debug.lanxinrobotics.com\/jp\/%e3%82%bd%e3%83%aa%e3%83%a5%e3%83%bc%e3%82%b7%e3%83%a7%e3%83%b3\/#breadcrumb","itemListElement":[{"@type":"ListItem","position":1,"name":"Home","item":"https:\/\/debug.lanxinrobotics.com\/"},{"@type":"ListItem","position":2,"name":"Solution"}]},{"@type":"WebSite","@id":"https:\/\/debug.lanxinrobotics.com\/#website","url":"https:\/\/debug.lanxinrobotics.com\/","name":"Lanxin Robotics","description":"Des robots visionnaires pour voir, comprendre et servir le monde,","publisher":{"@id":"https:\/\/debug.lanxinrobotics.com\/#organization"},"potentialAction":[{"@type":"SearchAction","target":{"@type":"EntryPoint","urlTemplate":"https:\/\/debug.lanxinrobotics.com\/?s={search_term_string}"},"query-input":{"@type":"PropertyValueSpecification","valueRequired":true,"valueName":"search_term_string"}}],"inLanguage":"fr-FR"},{"@type":["Organization","Place"],"@id":"https:\/\/debug.lanxinrobotics.com\/#organization","name":"Lanxin Robotics","url":"https:\/\/debug.lanxinrobotics.com\/","logo":{"@id":"https:\/\/debug.lanxinrobotics.com\/jp\/%e3%82%bd%e3%83%aa%e3%83%a5%e3%83%bc%e3%82%b7%e3%83%a7%e3%83%b3\/#local-main-organization-logo"},"image":{"@id":"https:\/\/debug.lanxinrobotics.com\/jp\/%e3%82%bd%e3%83%aa%e3%83%a5%e3%83%bc%e3%82%b7%e3%83%a7%e3%83%b3\/#local-main-organization-logo"},"telephone":[],"openingHoursSpecification":[{"@type":"OpeningHoursSpecification","dayOfWeek":["Monday","Tuesday","Wednesday","Thursday","Friday","Saturday","Sunday"],"opens":"09:00","closes":"17:00"}]},{"@type":"ImageObject","inLanguage":"fr-FR","@id":"https:\/\/debug.lanxinrobotics.com\/jp\/%e3%82%bd%e3%83%aa%e3%83%a5%e3%83%bc%e3%82%b7%e3%83%a7%e3%83%b3\/#local-main-organization-logo","url":"https:\/\/www.lanxinrobotics.com\/wp-content\/uploads\/2025\/06\/LanxinLogo.svg","contentUrl":"https:\/\/www.lanxinrobotics.com\/wp-content\/uploads\/2025\/06\/LanxinLogo.svg","width":496,"height":130,"caption":"Lanxin Robotics"}]}},"_links":{"self":[{"href":"https:\/\/debug.lanxinrobotics.com\/fr\/wp-json\/wp\/v2\/pages\/63","targetHints":{"allow":["GET"]}}],"collection":[{"href":"https:\/\/debug.lanxinrobotics.com\/fr\/wp-json\/wp\/v2\/pages"}],"about":[{"href":"https:\/\/debug.lanxinrobotics.com\/fr\/wp-json\/wp\/v2\/types\/page"}],"author":[{"embeddable":true,"href":"https:\/\/debug.lanxinrobotics.com\/fr\/wp-json\/wp\/v2\/users\/1"}],"replies":[{"embeddable":true,"href":"https:\/\/debug.lanxinrobotics.com\/fr\/wp-json\/wp\/v2\/comments?post=63"}],"version-history":[{"count":68,"href":"https:\/\/debug.lanxinrobotics.com\/fr\/wp-json\/wp\/v2\/pages\/63\/revisions"}],"predecessor-version":[{"id":3660,"href":"https:\/\/debug.lanxinrobotics.com\/fr\/wp-json\/wp\/v2\/pages\/63\/revisions\/3660"}],"wp:featuredmedia":[{"embeddable":true,"href":"https:\/\/debug.lanxinrobotics.com\/fr\/wp-json\/wp\/v2\/media\/3148"}],"wp:attachment":[{"href":"https:\/\/debug.lanxinrobotics.com\/fr\/wp-json\/wp\/v2\/media?parent=63"}],"wp:term":[{"taxonomy":"category","embeddable":true,"href":"https:\/\/debug.lanxinrobotics.com\/fr\/wp-json\/wp\/v2\/categories?post=63"},{"taxonomy":"post_tag","embeddable":true,"href":"https:\/\/debug.lanxinrobotics.com\/fr\/wp-json\/wp\/v2\/tags?post=63"}],"curies":[{"name":"wp","href":"https:\/\/api.w.org\/{rel}","templated":true}]}}