{"id":69,"date":"2025-06-26T08:43:40","date_gmt":"2025-06-26T00:43:40","guid":{"rendered":"https:\/\/lanxinrobotics.com\/?page_id=69"},"modified":"2026-01-26T14:09:30","modified_gmt":"2026-01-26T06:09:30","slug":"robots-humanoides","status":"publish","type":"page","link":"https:\/\/debug.lanxinrobotics.com\/fr\/robots-humanoides\/","title":{"rendered":"Robots humano\u00efdes"},"content":{"rendered":"<div data-elementor-type=\"wp-page\" data-elementor-id=\"69\" class=\"elementor elementor-69\" data-elementor-post-type=\"page\">\n\t\t\t\t<div class=\"elementor-element elementor-element-724f3ec e-flex e-con-boxed e-con e-parent\" data-id=\"724f3ec\" data-element_type=\"container\" data-settings=\"{&quot;background_background&quot;:&quot;classic&quot;}\">\n\t\t\t\t\t<div class=\"e-con-inner\">\n\t\t\t\t<div class=\"elementor-element elementor-element-3d011e3 elementor-widget elementor-widget-heading\" data-id=\"3d011e3\" data-element_type=\"widget\" data-widget_type=\"heading.default\">\n\t\t\t\t\t<h1 class=\"elementor-heading-title elementor-size-default\">Robots mobiles et modules de base<\/h1>\t\t\t\t<\/div>\n\t\t\t\t<div class=\"elementor-element elementor-element-46439b1 elementor-widget elementor-widget-text-editor\" data-id=\"46439b1\" data-element_type=\"widget\" data-widget_type=\"text-editor.default\">\n\t\t\t\t\t\t\t\t\t<p>D\u00e9di\u00e9s aux technologies robotiques de base, nous fournissons des robots et des syst\u00e8mes mobiles intelligents, s\u00fbrs et fiables, qui offrent des solutions logistiques intelligentes au sein de l'usine pour les clients industriels.<\/p>\t\t\t\t\t\t\t\t<\/div>\n\t\t\t\t\t<\/div>\n\t\t\t\t<\/div>\n\t\t<div class=\"elementor-element elementor-element-3af68e8 e-grid e-con-boxed e-con e-parent\" data-id=\"3af68e8\" data-element_type=\"container\">\n\t\t\t\t\t<div class=\"e-con-inner\">\n\t\t<div class=\"elementor-element elementor-element-40959a6 e-con-full bg-g-o e-flex e-con e-child\" data-id=\"40959a6\" data-element_type=\"container\" data-settings=\"{&quot;background_background&quot;:&quot;classic&quot;}\">\n\t\t\t\t<div class=\"elementor-element elementor-element-d43b345 t-1 elementor-widget elementor-widget-heading\" data-id=\"d43b345\" data-element_type=\"widget\" data-widget_type=\"heading.default\">\n\t\t\t\t\t<h2 class=\"elementor-heading-title elementor-size-default\"><a href=\"https:\/\/lanxinrobotics.com\/vb2\/\">VB2<\/a><\/h2>\t\t\t\t<\/div>\n\t\t\t\t<div class=\"elementor-element elementor-element-a09d63e t-1 elementor-widget elementor-widget-heading\" data-id=\"a09d63e\" data-element_type=\"widget\" data-widget_type=\"heading.default\">\n\t\t\t\t\t<div class=\"elementor-heading-title elementor-size-default\"><a href=\"https:\/\/lanxinrobotics.com\/vb2\/\">Robots humano\u00efdes auto-d\u00e9velopp\u00e9s de la prochaine g\u00e9n\u00e9ration<\/a><\/div>\t\t\t\t<\/div>\n\t\t\t\t<div class=\"elementor-element elementor-element-8bdcf9d elementor-align-center elementor-widget elementor-widget-button\" data-id=\"8bdcf9d\" data-element_type=\"widget\" data-widget_type=\"button.default\">\n\t\t\t\t\t\t\t\t\t\t<a class=\"elementor-button elementor-button-link elementor-size-sm\" href=\"https:\/\/www.lanxinrobotics.com\/humanoid-robots-vb2\/\">\n\t\t\t\t\t\t<span class=\"elementor-button-content-wrapper\">\n\t\t\t\t\t\t\t\t\t<span class=\"elementor-button-text\">Lire la suite<\/span>\n\t\t\t\t\t<\/span>\n\t\t\t\t\t<\/a>\n\t\t\t\t\t\t\t\t<\/div>\n\t\t\t\t<div class=\"elementor-element elementor-element-0382a16 elementor-widget elementor-widget-image\" data-id=\"0382a16\" data-element_type=\"widget\" data-widget_type=\"image.default\">\n\t\t\t\t\t\t\t\t\t\t\t\t\t\t\t\t<a href=\"https:\/\/lanxinrobotics.com\/vb2\/\">\n\t\t\t\t\t\t\t<img decoding=\"async\" src=\"https:\/\/www.lanxinrobotics.com\/wp-content\/uploads\/2025\/08\/VB2.webp\" title=\"VB2\" alt=\"VB2\" loading=\"lazy\" \/>\t\t\t\t\t\t\t\t<\/a>\n\t\t\t\t\t\t\t\t\t\t\t\t\t\t\t<\/div>\n\t\t\t\t<\/div>\n\t\t<div class=\"elementor-element elementor-element-def8dfb e-con-full bg-g-o e-flex e-con e-child\" data-id=\"def8dfb\" data-element_type=\"container\" data-settings=\"{&quot;background_background&quot;:&quot;classic&quot;}\">\n\t\t\t\t<div class=\"elementor-element elementor-element-6aaadd8 t-1 elementor-widget elementor-widget-heading\" data-id=\"6aaadd8\" data-element_type=\"widget\" data-widget_type=\"heading.default\">\n\t\t\t\t\t<h2 class=\"elementor-heading-title elementor-size-default\"><a href=\"https:\/\/lanxinrobotics.com\/vb2\/\"><span style=\"font-size: 2.5vw;text-align: left\">VB1-I<\/span><\/a><\/h2>\t\t\t\t<\/div>\n\t\t\t\t<div class=\"elementor-element elementor-element-4e8e988 t-1 elementor-widget elementor-widget-heading\" data-id=\"4e8e988\" data-element_type=\"widget\" data-widget_type=\"heading.default\">\n\t\t\t\t\t<div class=\"elementor-heading-title elementor-size-default\"><a href=\"https:\/\/lanxinrobotics.com\/vb2\/\"><span style=\"text-align: left\">Int\u00e9gration de la perception de la vision 3D et du contr\u00f4le pilot\u00e9 par l'IA<\/span><span style=\"text-align: left\"><\/span><\/a><\/div>\t\t\t\t<\/div>\n\t\t\t\t<div class=\"elementor-element elementor-element-006c3e4 elementor-align-center elementor-widget elementor-widget-button\" data-id=\"006c3e4\" data-element_type=\"widget\" data-widget_type=\"button.default\">\n\t\t\t\t\t\t\t\t\t\t<a class=\"elementor-button elementor-button-link elementor-size-sm\" href=\"https:\/\/www.lanxinrobotics.com\/humanoid-robots-vb1-i\/\">\n\t\t\t\t\t\t<span class=\"elementor-button-content-wrapper\">\n\t\t\t\t\t\t\t\t\t<span class=\"elementor-button-text\">Lire la suite<\/span>\n\t\t\t\t\t<\/span>\n\t\t\t\t\t<\/a>\n\t\t\t\t\t\t\t\t<\/div>\n\t\t\t\t<div class=\"elementor-element elementor-element-a05a142 elementor-widget elementor-widget-image\" data-id=\"a05a142\" data-element_type=\"widget\" data-widget_type=\"image.default\">\n\t\t\t\t\t\t\t\t\t\t\t\t\t\t\t\t<a href=\"https:\/\/lanxinrobotics.com\/vb2\/\">\n\t\t\t\t\t\t\t<img fetchpriority=\"high\" decoding=\"async\" width=\"360\" height=\"480\" src=\"https:\/\/www.lanxinrobotics.com\/wp-content\/uploads\/2025\/08\/VB1.5-Humanoid-robot.webp\" class=\"attachment-full size-full wp-image-2106\" alt=\"\" srcset=\"https:\/\/www.lanxinrobotics.com\/wp-content\/uploads\/2025\/08\/VB1.5-Humanoid-robot.webp 360w, https:\/\/www.lanxinrobotics.com\/wp-content\/uploads\/2025\/08\/VB1.5-Humanoid-robot-113x150.webp 113w\" sizes=\"(max-width: 360px) 100vw, 360px\" \/>\t\t\t\t\t\t\t\t<\/a>\n\t\t\t\t\t\t\t\t\t\t\t\t\t\t\t<\/div>\n\t\t\t\t<\/div>\n\t\t<div class=\"elementor-element elementor-element-ee1b6fe e-con-full bg-g-o e-flex e-con e-child\" data-id=\"ee1b6fe\" data-element_type=\"container\" data-settings=\"{&quot;background_background&quot;:&quot;classic&quot;}\">\n\t\t\t\t<div class=\"elementor-element elementor-element-43f6e59 t-1 elementor-widget elementor-widget-heading\" data-id=\"43f6e59\" data-element_type=\"widget\" data-widget_type=\"heading.default\">\n\t\t\t\t\t<h2 class=\"elementor-heading-title elementor-size-default\"><a href=\"https:\/\/lanxinrobotics.com\/vb2\/\"><span style=\"font-size: 2.5vw;text-align: left\">VB1<\/span><\/a><\/h2>\t\t\t\t<\/div>\n\t\t\t\t<div class=\"elementor-element elementor-element-837862b t-1 elementor-widget elementor-widget-heading\" data-id=\"837862b\" data-element_type=\"widget\" data-widget_type=\"heading.default\">\n\t\t\t\t\t<div class=\"elementor-heading-title elementor-size-default\"><a href=\"https:\/\/lanxinrobotics.com\/vb2\/\">Int\u00e9gration de la perception de la vision 3D et du contr\u00f4le pilot\u00e9 par l'IA<\/a><\/div>\t\t\t\t<\/div>\n\t\t\t\t<div class=\"elementor-element elementor-element-31c28a2 elementor-align-center elementor-widget elementor-widget-button\" data-id=\"31c28a2\" data-element_type=\"widget\" data-widget_type=\"button.default\">\n\t\t\t\t\t\t\t\t\t\t<a class=\"elementor-button elementor-button-link elementor-size-sm\" href=\"https:\/\/www.lanxinrobotics.com\/humanoid-robots-vb1\/\">\n\t\t\t\t\t\t<span class=\"elementor-button-content-wrapper\">\n\t\t\t\t\t\t\t\t\t<span class=\"elementor-button-text\">Lire la suite<\/span>\n\t\t\t\t\t<\/span>\n\t\t\t\t\t<\/a>\n\t\t\t\t\t\t\t\t<\/div>\n\t\t\t\t<div class=\"elementor-element elementor-element-8fb2994 elementor-widget elementor-widget-image\" data-id=\"8fb2994\" data-element_type=\"widget\" data-widget_type=\"image.default\">\n\t\t\t\t\t\t\t\t\t\t\t\t\t\t\t\t<a href=\"https:\/\/lanxinrobotics.com\/vb2\/\">\n\t\t\t\t\t\t\t<img decoding=\"async\" width=\"360\" height=\"480\" src=\"https:\/\/www.lanxinrobotics.com\/wp-content\/uploads\/2025\/08\/VB1-Humanoid-robot.webp\" class=\"attachment-full size-full wp-image-2107\" alt=\"\" srcset=\"https:\/\/www.lanxinrobotics.com\/wp-content\/uploads\/2025\/08\/VB1-Humanoid-robot.webp 360w, https:\/\/www.lanxinrobotics.com\/wp-content\/uploads\/2025\/08\/VB1-Humanoid-robot-113x150.webp 113w\" sizes=\"(max-width: 360px) 100vw, 360px\" \/>\t\t\t\t\t\t\t\t<\/a>\n\t\t\t\t\t\t\t\t\t\t\t\t\t\t\t<\/div>\n\t\t\t\t<\/div>\n\t\t\t\t\t<\/div>\n\t\t\t\t<\/div>\n\t\t<div class=\"elementor-element elementor-element-33f0510 e-grid e-con-boxed e-con e-parent\" data-id=\"33f0510\" data-element_type=\"container\">\n\t\t\t\t\t<div class=\"e-con-inner\">\n\t\t<div class=\"elementor-element elementor-element-5155154 e-con-full bg-g-o e-flex e-con e-child\" data-id=\"5155154\" data-element_type=\"container\" data-settings=\"{&quot;background_background&quot;:&quot;classic&quot;}\">\n\t\t\t\t<div class=\"elementor-element elementor-element-9ac4b9b t-1 elementor-widget elementor-widget-heading\" data-id=\"9ac4b9b\" data-element_type=\"widget\" data-widget_type=\"heading.default\">\n\t\t\t\t\t<h2 class=\"elementor-heading-title elementor-size-default\"><a href=\"https:\/\/lanxinrobotics.com\/vb2\/\">OmniHead<\/a><\/h2>\t\t\t\t<\/div>\n\t\t\t\t<div class=\"elementor-element elementor-element-f4e1375 t-1 elementor-widget elementor-widget-heading\" data-id=\"f4e1375\" data-element_type=\"widget\" data-widget_type=\"heading.default\">\n\t\t\t\t\t<div class=\"elementor-heading-title elementor-size-default\"><a href=\"https:\/\/lanxinrobotics.com\/vb2\/\">VMR Robot intelligent incarn\u00e9 de premi\u00e8re g\u00e9n\u00e9ration<\/a><\/div>\t\t\t\t<\/div>\n\t\t\t\t<div class=\"elementor-element elementor-element-a2daeb7 elementor-align-center elementor-widget elementor-widget-button\" data-id=\"a2daeb7\" data-element_type=\"widget\" data-widget_type=\"button.default\">\n\t\t\t\t\t\t\t\t\t\t<a class=\"elementor-button elementor-button-link elementor-size-sm\" href=\"https:\/\/www.lanxinrobotics.com\/humanoid-robots-omnihead\/\">\n\t\t\t\t\t\t<span class=\"elementor-button-content-wrapper\">\n\t\t\t\t\t\t\t\t\t<span class=\"elementor-button-text\">Lire la suite<\/span>\n\t\t\t\t\t<\/span>\n\t\t\t\t\t<\/a>\n\t\t\t\t\t\t\t\t<\/div>\n\t\t\t\t<div class=\"elementor-element elementor-element-1e54811 elementor-widget elementor-widget-image\" data-id=\"1e54811\" data-element_type=\"widget\" data-widget_type=\"image.default\">\n\t\t\t\t\t\t\t\t\t\t\t\t\t\t\t\t<a href=\"https:\/\/lanxinrobotics.com\/vb2\/\">\n\t\t\t\t\t\t\t<img decoding=\"async\" src=\"https:\/\/www.lanxinrobotics.com\/wp-content\/uploads\/2025\/09\/ominihead.webp\" title=\"\" alt=\"\" loading=\"lazy\" \/>\t\t\t\t\t\t\t\t<\/a>\n\t\t\t\t\t\t\t\t\t\t\t\t\t\t\t<\/div>\n\t\t\t\t<\/div>\n\t\t\t\t\t<\/div>\n\t\t\t\t<\/div>\n\t\t\t\t<\/div>","protected":false},"excerpt":{"rendered":"<p>Mobile Robots and Core Modules Dedicated to core robotics technologies, we provide safe and reliable intelligent mobile robots and systems, delivering smart intra-factory logistics solutions for industrial clients. VB2 Next-Generation Self-Developed Humanoid Robots Read More VB1-I Integrating 3D Vision Perception with AI-Driven Control Read More VB1 Integrating 3D Vision Perception with AI-Driven Control Read More [&hellip;]<\/p>","protected":false},"author":1,"featured_media":0,"parent":0,"menu_order":200,"comment_status":"closed","ping_status":"closed","template":"","meta":{"_acf_changed":false,"footnotes":""},"categories":[],"tags":[],"class_list":["post-69","page","type-page","status-publish","hentry"],"acf":[],"yoast_head":"<!-- This site is optimized with the Yoast SEO Premium plugin v26.2 (Yoast SEO v27.3) - https:\/\/yoast.com\/product\/yoast-seo-premium-wordpress\/ -->\n<title>Humanoid Robots - Lanxin Robotics<\/title>\n<meta name=\"robots\" content=\"index, follow, max-snippet:-1, max-image-preview:large, max-video-preview:-1\" \/>\n<link rel=\"canonical\" href=\"https:\/\/debug.lanxinrobotics.com\/fr\/robots-humanoides\/\" \/>\n<meta property=\"og:locale\" content=\"fr_FR\" \/>\n<meta property=\"og:type\" content=\"article\" \/>\n<meta property=\"og:title\" content=\"Humanoid Robots\" \/>\n<meta property=\"og:description\" content=\"Mobile Robots and Core Modules Dedicated to core robotics technologies, we provide safe and reliable intelligent mobile robots and systems, delivering smart intra-factory logistics solutions for industrial clients. VB2 Next-Generation Self-Developed Humanoid Robots Read More VB1-I Integrating 3D Vision Perception with AI-Driven Control Read More VB1 Integrating 3D Vision Perception with AI-Driven Control Read More [&hellip;]\" \/>\n<meta property=\"og:url\" content=\"https:\/\/debug.lanxinrobotics.com\/fr\/robots-humanoides\/\" \/>\n<meta property=\"og:site_name\" content=\"Lanxin Robotics\" \/>\n<meta property=\"article:modified_time\" content=\"2026-01-26T06:09:30+00:00\" \/>\n<meta property=\"og:image\" content=\"https:\/\/www.lanxinrobotics.com\/wp-content\/uploads\/2025\/08\/VB2.webp\" \/>\n<meta name=\"twitter:card\" content=\"summary_large_image\" \/>\n<meta name=\"twitter:label1\" content=\"Dur\u00e9e de lecture estim\u00e9e\" \/>\n\t<meta name=\"twitter:data1\" content=\"2 minutes\" \/>\n<script type=\"application\/ld+json\" class=\"yoast-schema-graph\">{\"@context\":\"https:\\\/\\\/schema.org\",\"@graph\":[{\"@type\":\"WebPage\",\"@id\":\"https:\\\/\\\/debug.lanxinrobotics.com\\\/jp\\\/%e3%83%92%e3%83%a5%e3%83%bc%e3%83%9e%e3%83%8e%e3%82%a4%e3%83%89%e3%83%ad%e3%83%9c%e3%83%83%e3%83%88\\\/\",\"url\":\"https:\\\/\\\/debug.lanxinrobotics.com\\\/jp\\\/%e3%83%92%e3%83%a5%e3%83%bc%e3%83%9e%e3%83%8e%e3%82%a4%e3%83%89%e3%83%ad%e3%83%9c%e3%83%83%e3%83%88\\\/\",\"name\":\"Humanoid Robots - Lanxin Robotics\",\"isPartOf\":{\"@id\":\"https:\\\/\\\/debug.lanxinrobotics.com\\\/#website\"},\"primaryImageOfPage\":{\"@id\":\"https:\\\/\\\/debug.lanxinrobotics.com\\\/jp\\\/%e3%83%92%e3%83%a5%e3%83%bc%e3%83%9e%e3%83%8e%e3%82%a4%e3%83%89%e3%83%ad%e3%83%9c%e3%83%83%e3%83%88\\\/#primaryimage\"},\"image\":{\"@id\":\"https:\\\/\\\/debug.lanxinrobotics.com\\\/jp\\\/%e3%83%92%e3%83%a5%e3%83%bc%e3%83%9e%e3%83%8e%e3%82%a4%e3%83%89%e3%83%ad%e3%83%9c%e3%83%83%e3%83%88\\\/#primaryimage\"},\"thumbnailUrl\":\"https:\\\/\\\/www.lanxinrobotics.com\\\/wp-content\\\/uploads\\\/2025\\\/08\\\/VB2.webp\",\"datePublished\":\"2025-06-26T00:43:40+00:00\",\"dateModified\":\"2026-01-26T06:09:30+00:00\",\"breadcrumb\":{\"@id\":\"https:\\\/\\\/debug.lanxinrobotics.com\\\/jp\\\/%e3%83%92%e3%83%a5%e3%83%bc%e3%83%9e%e3%83%8e%e3%82%a4%e3%83%89%e3%83%ad%e3%83%9c%e3%83%83%e3%83%88\\\/#breadcrumb\"},\"inLanguage\":\"fr-FR\",\"potentialAction\":[{\"@type\":\"ReadAction\",\"target\":[\"https:\\\/\\\/debug.lanxinrobotics.com\\\/jp\\\/%e3%83%92%e3%83%a5%e3%83%bc%e3%83%9e%e3%83%8e%e3%82%a4%e3%83%89%e3%83%ad%e3%83%9c%e3%83%83%e3%83%88\\\/\"]}]},{\"@type\":\"ImageObject\",\"inLanguage\":\"fr-FR\",\"@id\":\"https:\\\/\\\/debug.lanxinrobotics.com\\\/jp\\\/%e3%83%92%e3%83%a5%e3%83%bc%e3%83%9e%e3%83%8e%e3%82%a4%e3%83%89%e3%83%ad%e3%83%9c%e3%83%83%e3%83%88\\\/#primaryimage\",\"url\":\"https:\\\/\\\/www.lanxinrobotics.com\\\/wp-content\\\/uploads\\\/2025\\\/08\\\/VB2.webp\",\"contentUrl\":\"https:\\\/\\\/www.lanxinrobotics.com\\\/wp-content\\\/uploads\\\/2025\\\/08\\\/VB2.webp\"},{\"@type\":\"BreadcrumbList\",\"@id\":\"https:\\\/\\\/debug.lanxinrobotics.com\\\/jp\\\/%e3%83%92%e3%83%a5%e3%83%bc%e3%83%9e%e3%83%8e%e3%82%a4%e3%83%89%e3%83%ad%e3%83%9c%e3%83%83%e3%83%88\\\/#breadcrumb\",\"itemListElement\":[{\"@type\":\"ListItem\",\"position\":1,\"name\":\"Home\",\"item\":\"https:\\\/\\\/debug.lanxinrobotics.com\\\/\"},{\"@type\":\"ListItem\",\"position\":2,\"name\":\"Humanoid Robots\"}]},{\"@type\":\"WebSite\",\"@id\":\"https:\\\/\\\/debug.lanxinrobotics.com\\\/#website\",\"url\":\"https:\\\/\\\/debug.lanxinrobotics.com\\\/\",\"name\":\"Lanxin Robotics\",\"description\":\"Visionary robots, to see, understand, and serve the world,\",\"publisher\":{\"@id\":\"https:\\\/\\\/debug.lanxinrobotics.com\\\/#organization\"},\"potentialAction\":[{\"@type\":\"SearchAction\",\"target\":{\"@type\":\"EntryPoint\",\"urlTemplate\":\"https:\\\/\\\/debug.lanxinrobotics.com\\\/?s={search_term_string}\"},\"query-input\":{\"@type\":\"PropertyValueSpecification\",\"valueRequired\":true,\"valueName\":\"search_term_string\"}}],\"inLanguage\":\"fr-FR\"},{\"@type\":[\"Organization\",\"Place\"],\"@id\":\"https:\\\/\\\/debug.lanxinrobotics.com\\\/#organization\",\"name\":\"Lanxin Robotics\",\"url\":\"https:\\\/\\\/debug.lanxinrobotics.com\\\/\",\"logo\":{\"@id\":\"https:\\\/\\\/debug.lanxinrobotics.com\\\/jp\\\/%e3%83%92%e3%83%a5%e3%83%bc%e3%83%9e%e3%83%8e%e3%82%a4%e3%83%89%e3%83%ad%e3%83%9c%e3%83%83%e3%83%88\\\/#local-main-organization-logo\"},\"image\":{\"@id\":\"https:\\\/\\\/debug.lanxinrobotics.com\\\/jp\\\/%e3%83%92%e3%83%a5%e3%83%bc%e3%83%9e%e3%83%8e%e3%82%a4%e3%83%89%e3%83%ad%e3%83%9c%e3%83%83%e3%83%88\\\/#local-main-organization-logo\"},\"telephone\":[],\"openingHoursSpecification\":[{\"@type\":\"OpeningHoursSpecification\",\"dayOfWeek\":[\"Monday\",\"Tuesday\",\"Wednesday\",\"Thursday\",\"Friday\",\"Saturday\",\"Sunday\"],\"opens\":\"09:00\",\"closes\":\"17:00\"}]},{\"@type\":\"ImageObject\",\"inLanguage\":\"fr-FR\",\"@id\":\"https:\\\/\\\/debug.lanxinrobotics.com\\\/jp\\\/%e3%83%92%e3%83%a5%e3%83%bc%e3%83%9e%e3%83%8e%e3%82%a4%e3%83%89%e3%83%ad%e3%83%9c%e3%83%83%e3%83%88\\\/#local-main-organization-logo\",\"url\":\"https:\\\/\\\/www.lanxinrobotics.com\\\/wp-content\\\/uploads\\\/2025\\\/06\\\/LanxinLogo.svg\",\"contentUrl\":\"https:\\\/\\\/www.lanxinrobotics.com\\\/wp-content\\\/uploads\\\/2025\\\/06\\\/LanxinLogo.svg\",\"width\":496,\"height\":130,\"caption\":\"Lanxin Robotics\"}]}<\/script>\n<!-- \/ Yoast SEO Premium plugin. -->","yoast_head_json":{"title":"Robots humano\u00efdes - Lanxin Robotics","robots":{"index":"index","follow":"follow","max-snippet":"max-snippet:-1","max-image-preview":"max-image-preview:large","max-video-preview":"max-video-preview:-1"},"canonical":"https:\/\/debug.lanxinrobotics.com\/fr\/robots-humanoides\/","og_locale":"fr_FR","og_type":"article","og_title":"Humanoid Robots","og_description":"Mobile Robots and Core Modules Dedicated to core robotics technologies, we provide safe and reliable intelligent mobile robots and systems, delivering smart intra-factory logistics solutions for industrial clients. VB2 Next-Generation Self-Developed Humanoid Robots Read More VB1-I Integrating 3D Vision Perception with AI-Driven Control Read More VB1 Integrating 3D Vision Perception with AI-Driven Control Read More [&hellip;]","og_url":"https:\/\/debug.lanxinrobotics.com\/fr\/robots-humanoides\/","og_site_name":"Lanxin Robotics","article_modified_time":"2026-01-26T06:09:30+00:00","og_image":[{"url":"https:\/\/www.lanxinrobotics.com\/wp-content\/uploads\/2025\/08\/VB2.webp","type":"","width":"","height":""}],"twitter_card":"summary_large_image","twitter_misc":{"Dur\u00e9e de lecture estim\u00e9e":"2 minutes"},"schema":{"@context":"https:\/\/schema.org","@graph":[{"@type":"WebPage","@id":"https:\/\/debug.lanxinrobotics.com\/jp\/%e3%83%92%e3%83%a5%e3%83%bc%e3%83%9e%e3%83%8e%e3%82%a4%e3%83%89%e3%83%ad%e3%83%9c%e3%83%83%e3%83%88\/","url":"https:\/\/debug.lanxinrobotics.com\/jp\/%e3%83%92%e3%83%a5%e3%83%bc%e3%83%9e%e3%83%8e%e3%82%a4%e3%83%89%e3%83%ad%e3%83%9c%e3%83%83%e3%83%88\/","name":"Robots humano\u00efdes - Lanxin Robotics","isPartOf":{"@id":"https:\/\/debug.lanxinrobotics.com\/#website"},"primaryImageOfPage":{"@id":"https:\/\/debug.lanxinrobotics.com\/jp\/%e3%83%92%e3%83%a5%e3%83%bc%e3%83%9e%e3%83%8e%e3%82%a4%e3%83%89%e3%83%ad%e3%83%9c%e3%83%83%e3%83%88\/#primaryimage"},"image":{"@id":"https:\/\/debug.lanxinrobotics.com\/jp\/%e3%83%92%e3%83%a5%e3%83%bc%e3%83%9e%e3%83%8e%e3%82%a4%e3%83%89%e3%83%ad%e3%83%9c%e3%83%83%e3%83%88\/#primaryimage"},"thumbnailUrl":"https:\/\/www.lanxinrobotics.com\/wp-content\/uploads\/2025\/08\/VB2.webp","datePublished":"2025-06-26T00:43:40+00:00","dateModified":"2026-01-26T06:09:30+00:00","breadcrumb":{"@id":"https:\/\/debug.lanxinrobotics.com\/jp\/%e3%83%92%e3%83%a5%e3%83%bc%e3%83%9e%e3%83%8e%e3%82%a4%e3%83%89%e3%83%ad%e3%83%9c%e3%83%83%e3%83%88\/#breadcrumb"},"inLanguage":"fr-FR","potentialAction":[{"@type":"ReadAction","target":["https:\/\/debug.lanxinrobotics.com\/jp\/%e3%83%92%e3%83%a5%e3%83%bc%e3%83%9e%e3%83%8e%e3%82%a4%e3%83%89%e3%83%ad%e3%83%9c%e3%83%83%e3%83%88\/"]}]},{"@type":"ImageObject","inLanguage":"fr-FR","@id":"https:\/\/debug.lanxinrobotics.com\/jp\/%e3%83%92%e3%83%a5%e3%83%bc%e3%83%9e%e3%83%8e%e3%82%a4%e3%83%89%e3%83%ad%e3%83%9c%e3%83%83%e3%83%88\/#primaryimage","url":"https:\/\/www.lanxinrobotics.com\/wp-content\/uploads\/2025\/08\/VB2.webp","contentUrl":"https:\/\/www.lanxinrobotics.com\/wp-content\/uploads\/2025\/08\/VB2.webp"},{"@type":"BreadcrumbList","@id":"https:\/\/debug.lanxinrobotics.com\/jp\/%e3%83%92%e3%83%a5%e3%83%bc%e3%83%9e%e3%83%8e%e3%82%a4%e3%83%89%e3%83%ad%e3%83%9c%e3%83%83%e3%83%88\/#breadcrumb","itemListElement":[{"@type":"ListItem","position":1,"name":"Home","item":"https:\/\/debug.lanxinrobotics.com\/"},{"@type":"ListItem","position":2,"name":"Humanoid Robots"}]},{"@type":"WebSite","@id":"https:\/\/debug.lanxinrobotics.com\/#website","url":"https:\/\/debug.lanxinrobotics.com\/","name":"Lanxin Robotics","description":"Des robots visionnaires pour voir, comprendre et servir le monde,","publisher":{"@id":"https:\/\/debug.lanxinrobotics.com\/#organization"},"potentialAction":[{"@type":"SearchAction","target":{"@type":"EntryPoint","urlTemplate":"https:\/\/debug.lanxinrobotics.com\/?s={search_term_string}"},"query-input":{"@type":"PropertyValueSpecification","valueRequired":true,"valueName":"search_term_string"}}],"inLanguage":"fr-FR"},{"@type":["Organization","Place"],"@id":"https:\/\/debug.lanxinrobotics.com\/#organization","name":"Lanxin Robotics","url":"https:\/\/debug.lanxinrobotics.com\/","logo":{"@id":"https:\/\/debug.lanxinrobotics.com\/jp\/%e3%83%92%e3%83%a5%e3%83%bc%e3%83%9e%e3%83%8e%e3%82%a4%e3%83%89%e3%83%ad%e3%83%9c%e3%83%83%e3%83%88\/#local-main-organization-logo"},"image":{"@id":"https:\/\/debug.lanxinrobotics.com\/jp\/%e3%83%92%e3%83%a5%e3%83%bc%e3%83%9e%e3%83%8e%e3%82%a4%e3%83%89%e3%83%ad%e3%83%9c%e3%83%83%e3%83%88\/#local-main-organization-logo"},"telephone":[],"openingHoursSpecification":[{"@type":"OpeningHoursSpecification","dayOfWeek":["Monday","Tuesday","Wednesday","Thursday","Friday","Saturday","Sunday"],"opens":"09:00","closes":"17:00"}]},{"@type":"ImageObject","inLanguage":"fr-FR","@id":"https:\/\/debug.lanxinrobotics.com\/jp\/%e3%83%92%e3%83%a5%e3%83%bc%e3%83%9e%e3%83%8e%e3%82%a4%e3%83%89%e3%83%ad%e3%83%9c%e3%83%83%e3%83%88\/#local-main-organization-logo","url":"https:\/\/www.lanxinrobotics.com\/wp-content\/uploads\/2025\/06\/LanxinLogo.svg","contentUrl":"https:\/\/www.lanxinrobotics.com\/wp-content\/uploads\/2025\/06\/LanxinLogo.svg","width":496,"height":130,"caption":"Lanxin Robotics"}]}},"_links":{"self":[{"href":"https:\/\/debug.lanxinrobotics.com\/fr\/wp-json\/wp\/v2\/pages\/69","targetHints":{"allow":["GET"]}}],"collection":[{"href":"https:\/\/debug.lanxinrobotics.com\/fr\/wp-json\/wp\/v2\/pages"}],"about":[{"href":"https:\/\/debug.lanxinrobotics.com\/fr\/wp-json\/wp\/v2\/types\/page"}],"author":[{"embeddable":true,"href":"https:\/\/debug.lanxinrobotics.com\/fr\/wp-json\/wp\/v2\/users\/1"}],"replies":[{"embeddable":true,"href":"https:\/\/debug.lanxinrobotics.com\/fr\/wp-json\/wp\/v2\/comments?post=69"}],"version-history":[{"count":76,"href":"https:\/\/debug.lanxinrobotics.com\/fr\/wp-json\/wp\/v2\/pages\/69\/revisions"}],"predecessor-version":[{"id":3605,"href":"https:\/\/debug.lanxinrobotics.com\/fr\/wp-json\/wp\/v2\/pages\/69\/revisions\/3605"}],"wp:attachment":[{"href":"https:\/\/debug.lanxinrobotics.com\/fr\/wp-json\/wp\/v2\/media?parent=69"}],"wp:term":[{"taxonomy":"category","embeddable":true,"href":"https:\/\/debug.lanxinrobotics.com\/fr\/wp-json\/wp\/v2\/categories?post=69"},{"taxonomy":"post_tag","embeddable":true,"href":"https:\/\/debug.lanxinrobotics.com\/fr\/wp-json\/wp\/v2\/tags?post=69"}],"curies":[{"name":"wp","href":"https:\/\/api.w.org\/{rel}","templated":true}]}}